{"id":5114,"date":"2022-08-29T00:46:56","date_gmt":"2022-08-28T22:46:56","guid":{"rendered":"https:\/\/plus.agency\/?page_id=5114"},"modified":"2025-01-23T15:26:29","modified_gmt":"2025-01-23T13:26:29","slug":"cases","status":"publish","type":"page","link":"https:\/\/plus.agency\/da\/cases\/","title":{"rendered":"Cases"},"content":{"rendered":"\t\t<div data-elementor-type=\"wp-page\" data-elementor-id=\"5114\" class=\"elementor elementor-5114\" data-elementor-post-type=\"page\">\n\t\t\t\t\t\t<section class=\"elementor-section elementor-top-section elementor-element elementor-element-208b495 elementor-section-boxed elementor-section-height-default elementor-section-height-default\" data-id=\"208b495\" data-element_type=\"section\" data-settings=\"{&quot;background_background&quot;:&quot;classic&quot;}\">\n\t\t\t\t\t\t<div class=\"elementor-container elementor-column-gap-default\">\n\t\t\t\t\t<div class=\"elementor-column elementor-col-100 elementor-top-column elementor-element elementor-element-8ef67c1\" data-id=\"8ef67c1\" data-element_type=\"column\">\n\t\t\t<div class=\"elementor-widget-wrap elementor-element-populated\">\n\t\t\t\t\t\t<section class=\"elementor-section elementor-inner-section elementor-element elementor-element-05417c6 elementor-reverse-tablet elementor-reverse-mobile elementor-section-boxed elementor-section-height-default elementor-section-height-default\" data-id=\"05417c6\" data-element_type=\"section\">\n\t\t\t\t\t\t<div class=\"elementor-container elementor-column-gap-default\">\n\t\t\t\t\t<div class=\"elementor-column elementor-col-50 elementor-inner-column elementor-element elementor-element-dd0144e\" data-id=\"dd0144e\" data-element_type=\"column\">\n\t\t\t<div class=\"elementor-widget-wrap elementor-element-populated\">\n\t\t\t\t\t\t<div class=\"elementor-element elementor-element-bd6611b elementor-widget elementor-widget-heading\" data-id=\"bd6611b\" data-element_type=\"widget\" data-widget_type=\"heading.default\">\n\t\t\t\t<div class=\"elementor-widget-container\">\n\t\t\t\t\t<h1 class=\"elementor-heading-title elementor-size-default\">Cases<\/h1>\t\t\t\t<\/div>\n\t\t\t\t<\/div>\n\t\t\t\t<div class=\"elementor-element elementor-element-c86c61a elementor-widget__width-initial elementor-widget elementor-widget-text-editor\" data-id=\"c86c61a\" data-element_type=\"widget\" data-widget_type=\"text-editor.default\">\n\t\t\t\t<div class=\"elementor-widget-container\">\n\t\t\t\t\t\t\t\t\t<p>Se her, hvordan vores tilgang forvandler konferencer, medarbejderdage, borgerm\u00f8der og meget andet til dynamiske l\u00e6ringsforl\u00f8b.<\/p>\t\t\t\t\t\t\t\t<\/div>\n\t\t\t\t<\/div>\n\t\t\t\t<div class=\"elementor-element elementor-element-e04f503 elementor-widget__width-initial elementor-widget elementor-widget-text-editor\" data-id=\"e04f503\" data-element_type=\"widget\" data-widget_type=\"text-editor.default\">\n\t\t\t\t<div class=\"elementor-widget-container\">\n\t\t\t\t\t\t\t\t\t<p><span style=\"color: var( --e-global-color-99d8b07 ); word-spacing: var( --e-global-typography-text-word-spacing );\">Bem\u00e6rk venligst, at mange af vores projekter er fortrolige og derfor ikke vist her.<\/span><span style=\"color: var( --e-global-color-99d8b07 ); letter-spacing: 0.3px; word-spacing: 0em;\">\u00a0<a class=\"link-blue\" href=\"https:\/\/plus.agency\/en\/contact\/\">Kontakt os<\/a>\u00a0for mere inspiration.<\/span><\/p>\t\t\t\t\t\t\t\t<\/div>\n\t\t\t\t<\/div>\n\t\t\t\t\t<\/div>\n\t\t<\/div>\n\t\t\t\t<div class=\"elementor-column elementor-col-50 elementor-inner-column elementor-element elementor-element-809cdcb\" data-id=\"809cdcb\" data-element_type=\"column\">\n\t\t\t<div class=\"elementor-widget-wrap elementor-element-populated\">\n\t\t\t\t\t\t<div class=\"elementor-element elementor-element-77a1e05 elementor-widget elementor-widget-image\" data-id=\"77a1e05\" data-element_type=\"widget\" data-widget_type=\"image.default\">\n\t\t\t\t<div class=\"elementor-widget-container\">\n\t\t\t\t\t\t\t\t\t\t\t\t\t\t\t<img fetchpriority=\"high\" decoding=\"async\" width=\"800\" height=\"534\" src=\"https:\/\/plus.agency\/wp-content\/uploads\/2025\/01\/TI_Dognet_juni_2024_DSC0309-1024x683.jpg\" class=\"attachment-large size-large wp-image-17750\" alt=\"\" srcset=\"https:\/\/plus.agency\/wp-content\/uploads\/2025\/01\/TI_Dognet_juni_2024_DSC0309-1024x683.jpg 1024w, https:\/\/plus.agency\/wp-content\/uploads\/2025\/01\/TI_Dognet_juni_2024_DSC0309-300x200.jpg 300w, https:\/\/plus.agency\/wp-content\/uploads\/2025\/01\/TI_Dognet_juni_2024_DSC0309-768x512.jpg 768w, https:\/\/plus.agency\/wp-content\/uploads\/2025\/01\/TI_Dognet_juni_2024_DSC0309-1536x1024.jpg 1536w, https:\/\/plus.agency\/wp-content\/uploads\/2025\/01\/TI_Dognet_juni_2024_DSC0309-2048x1365.jpg 2048w\" sizes=\"(max-width: 800px) 100vw, 800px\" \/>\t\t\t\t\t\t\t\t\t\t\t\t\t\t\t<\/div>\n\t\t\t\t<\/div>\n\t\t\t\t\t<\/div>\n\t\t<\/div>\n\t\t\t\t\t<\/div>\n\t\t<\/section>\n\t\t\t\t\t<\/div>\n\t\t<\/div>\n\t\t\t\t\t<\/div>\n\t\t<\/section>\n\t\t\t\t<section class=\"elementor-section elementor-top-section elementor-element elementor-element-04c9edc elementor-section-boxed elementor-section-height-default elementor-section-height-default\" data-id=\"04c9edc\" data-element_type=\"section\" data-settings=\"{&quot;background_background&quot;:&quot;classic&quot;}\">\n\t\t\t\t\t\t<div class=\"elementor-container elementor-column-gap-default\">\n\t\t\t\t\t<div class=\"elementor-column elementor-col-100 elementor-top-column elementor-element elementor-element-69ff8a2\" data-id=\"69ff8a2\" data-element_type=\"column\">\n\t\t\t<div class=\"elementor-widget-wrap elementor-element-populated\">\n\t\t\t\t\t\t\t<\/div>\n\t\t<\/div>\n\t\t\t\t\t<\/div>\n\t\t<\/section>\n\t\t\t\t<\/div>\n\t\t","protected":false},"excerpt":{"rendered":"<p>Cases Se her, hvordan vores tilgang forvandler konferencer, medarbejderdage, borgerm\u00f8der og meget andet til dynamiske l\u00e6ringsforl\u00f8b. Bem\u00e6rk venligst, at mange af vores projekter er fortrolige og derfor ikke vist her.\u00a0Kontakt os\u00a0for mere inspiration.<\/p>\n","protected":false},"author":13,"featured_media":0,"parent":0,"menu_order":0,"comment_status":"closed","ping_status":"closed","template":"elementor_header_footer","meta":{"inline_featured_image":false,"footnotes":""},"class_list":["post-5114","page","type-page","status-publish","hentry"],"yoast_head":"<!-- This site is optimized with the Yoast SEO plugin v26.0 - https:\/\/yoast.com\/wordpress\/plugins\/seo\/ -->\n<title>Cases &#8211; Plus Agency<\/title>\n<meta name=\"description\" content=\"Store m\u00f8der med h\u00f8j deltagerinvolvering.Her er eksempler p\u00e5 opgaver, PLUS Agency har l\u00f8st for kunder:\" \/>\n<meta name=\"robots\" content=\"index, follow, max-snippet:-1, max-image-preview:large, max-video-preview:-1\" \/>\n<link rel=\"canonical\" href=\"https:\/\/plus.agency\/da\/cases\/\" \/>\n<meta property=\"og:locale\" content=\"da_DK\" \/>\n<meta property=\"og:type\" content=\"article\" \/>\n<meta property=\"og:title\" content=\"Cases &#8211; Plus Agency\" \/>\n<meta property=\"og:description\" content=\"Store m\u00f8der med h\u00f8j deltagerinvolvering.Her er eksempler p\u00e5 opgaver, PLUS Agency har l\u00f8st for kunder:\" \/>\n<meta property=\"og:url\" content=\"https:\/\/plus.agency\/da\/cases\/\" \/>\n<meta property=\"og:site_name\" content=\"Plus Agency\" \/>\n<meta property=\"article:modified_time\" content=\"2025-01-23T13:26:29+00:00\" \/>\n<meta name=\"twitter:card\" content=\"summary_large_image\" \/>\n<meta name=\"twitter:description\" content=\"Store m\u00f8der med h\u00f8j deltagerinvolvering.Her er eksempler p\u00e5 opgaver, PLUS Agency har l\u00f8st for kunder:\" \/>\n<meta name=\"twitter:label1\" content=\"Estimeret l\u00e6setid\" \/>\n\t<meta name=\"twitter:data1\" content=\"6 minutter\" \/>\n<script type=\"application\/ld+json\" class=\"yoast-schema-graph\">{\"@context\":\"https:\/\/schema.org\",\"@graph\":[{\"@type\":\"WebPage\",\"@id\":\"https:\/\/plus.agency\/da\/cases\/\",\"url\":\"https:\/\/plus.agency\/da\/cases\/\",\"name\":\"Cases &#8211; Plus Agency\",\"isPartOf\":{\"@id\":\"https:\/\/plus.agency\/da\/#website\"},\"primaryImageOfPage\":{\"@id\":\"https:\/\/plus.agency\/da\/cases\/#primaryimage\"},\"image\":{\"@id\":\"https:\/\/plus.agency\/da\/cases\/#primaryimage\"},\"thumbnailUrl\":\"https:\/\/plus.agency\/wp-content\/uploads\/2025\/01\/TI_Dognet_juni_2024_DSC0309-1024x683.jpg\",\"datePublished\":\"2022-08-28T22:46:56+00:00\",\"dateModified\":\"2025-01-23T13:26:29+00:00\",\"description\":\"Store m\u00f8der med h\u00f8j deltagerinvolvering.Her er eksempler p\u00e5 opgaver, PLUS Agency har l\u00f8st for kunder:\",\"breadcrumb\":{\"@id\":\"https:\/\/plus.agency\/da\/cases\/#breadcrumb\"},\"inLanguage\":\"da-DK\",\"potentialAction\":[{\"@type\":\"ReadAction\",\"target\":[\"https:\/\/plus.agency\/da\/cases\/\"]}]},{\"@type\":\"ImageObject\",\"inLanguage\":\"da-DK\",\"@id\":\"https:\/\/plus.agency\/da\/cases\/#primaryimage\",\"url\":\"https:\/\/plus.agency\/wp-content\/uploads\/2025\/01\/TI_Dognet_juni_2024_DSC0309-1024x683.jpg\",\"contentUrl\":\"https:\/\/plus.agency\/wp-content\/uploads\/2025\/01\/TI_Dognet_juni_2024_DSC0309-1024x683.jpg\"},{\"@type\":\"BreadcrumbList\",\"@id\":\"https:\/\/plus.agency\/da\/cases\/#breadcrumb\",\"itemListElement\":[{\"@type\":\"ListItem\",\"position\":1,\"name\":\"Home\",\"item\":\"https:\/\/plus.agency\/da\/?page_id=14767\"},{\"@type\":\"ListItem\",\"position\":2,\"name\":\"Cases\"}]},{\"@type\":\"WebSite\",\"@id\":\"https:\/\/plus.agency\/da\/#website\",\"url\":\"https:\/\/plus.agency\/da\/\",\"name\":\"Plus Agency\",\"description\":\"Plus Agency\",\"publisher\":{\"@id\":\"https:\/\/plus.agency\/da\/#organization\"},\"potentialAction\":[{\"@type\":\"SearchAction\",\"target\":{\"@type\":\"EntryPoint\",\"urlTemplate\":\"https:\/\/plus.agency\/da\/?s={search_term_string}\"},\"query-input\":{\"@type\":\"PropertyValueSpecification\",\"valueRequired\":true,\"valueName\":\"search_term_string\"}}],\"inLanguage\":\"da-DK\"},{\"@type\":\"Organization\",\"@id\":\"https:\/\/plus.agency\/da\/#organization\",\"name\":\"Plus Agency\",\"url\":\"https:\/\/plus.agency\/da\/\",\"logo\":{\"@type\":\"ImageObject\",\"inLanguage\":\"da-DK\",\"@id\":\"https:\/\/plus.agency\/da\/#\/schema\/logo\/image\/\",\"url\":\"https:\/\/plus.agency\/wp-content\/uploads\/2021\/10\/cropped-plus-agency-logo.png\",\"contentUrl\":\"https:\/\/plus.agency\/wp-content\/uploads\/2021\/10\/cropped-plus-agency-logo.png\",\"width\":525,\"height\":319,\"caption\":\"Plus Agency\"},\"image\":{\"@id\":\"https:\/\/plus.agency\/da\/#\/schema\/logo\/image\/\"}}]}<\/script>\n<!-- \/ Yoast SEO plugin. -->","yoast_head_json":{"title":"Cases &#8211; Plus Agency","description":"Store m\u00f8der med h\u00f8j deltagerinvolvering.Her er eksempler p\u00e5 opgaver, PLUS Agency har l\u00f8st for kunder:","robots":{"index":"index","follow":"follow","max-snippet":"max-snippet:-1","max-image-preview":"max-image-preview:large","max-video-preview":"max-video-preview:-1"},"canonical":"https:\/\/plus.agency\/da\/cases\/","og_locale":"da_DK","og_type":"article","og_title":"Cases &#8211; Plus Agency","og_description":"Store m\u00f8der med h\u00f8j deltagerinvolvering.Her er eksempler p\u00e5 opgaver, PLUS Agency har l\u00f8st for kunder:","og_url":"https:\/\/plus.agency\/da\/cases\/","og_site_name":"Plus Agency","article_modified_time":"2025-01-23T13:26:29+00:00","twitter_card":"summary_large_image","twitter_description":"Store m\u00f8der med h\u00f8j deltagerinvolvering.Her er eksempler p\u00e5 opgaver, PLUS Agency har l\u00f8st for kunder:","twitter_misc":{"Estimeret l\u00e6setid":"6 minutter"},"schema":{"@context":"https:\/\/schema.org","@graph":[{"@type":"WebPage","@id":"https:\/\/plus.agency\/da\/cases\/","url":"https:\/\/plus.agency\/da\/cases\/","name":"Cases &#8211; Plus Agency","isPartOf":{"@id":"https:\/\/plus.agency\/da\/#website"},"primaryImageOfPage":{"@id":"https:\/\/plus.agency\/da\/cases\/#primaryimage"},"image":{"@id":"https:\/\/plus.agency\/da\/cases\/#primaryimage"},"thumbnailUrl":"https:\/\/plus.agency\/wp-content\/uploads\/2025\/01\/TI_Dognet_juni_2024_DSC0309-1024x683.jpg","datePublished":"2022-08-28T22:46:56+00:00","dateModified":"2025-01-23T13:26:29+00:00","description":"Store m\u00f8der med h\u00f8j deltagerinvolvering.Her er eksempler p\u00e5 opgaver, PLUS Agency har l\u00f8st for kunder:","breadcrumb":{"@id":"https:\/\/plus.agency\/da\/cases\/#breadcrumb"},"inLanguage":"da-DK","potentialAction":[{"@type":"ReadAction","target":["https:\/\/plus.agency\/da\/cases\/"]}]},{"@type":"ImageObject","inLanguage":"da-DK","@id":"https:\/\/plus.agency\/da\/cases\/#primaryimage","url":"https:\/\/plus.agency\/wp-content\/uploads\/2025\/01\/TI_Dognet_juni_2024_DSC0309-1024x683.jpg","contentUrl":"https:\/\/plus.agency\/wp-content\/uploads\/2025\/01\/TI_Dognet_juni_2024_DSC0309-1024x683.jpg"},{"@type":"BreadcrumbList","@id":"https:\/\/plus.agency\/da\/cases\/#breadcrumb","itemListElement":[{"@type":"ListItem","position":1,"name":"Home","item":"https:\/\/plus.agency\/da\/?page_id=14767"},{"@type":"ListItem","position":2,"name":"Cases"}]},{"@type":"WebSite","@id":"https:\/\/plus.agency\/da\/#website","url":"https:\/\/plus.agency\/da\/","name":"Plus Agency","description":"Plus Agency","publisher":{"@id":"https:\/\/plus.agency\/da\/#organization"},"potentialAction":[{"@type":"SearchAction","target":{"@type":"EntryPoint","urlTemplate":"https:\/\/plus.agency\/da\/?s={search_term_string}"},"query-input":{"@type":"PropertyValueSpecification","valueRequired":true,"valueName":"search_term_string"}}],"inLanguage":"da-DK"},{"@type":"Organization","@id":"https:\/\/plus.agency\/da\/#organization","name":"Plus Agency","url":"https:\/\/plus.agency\/da\/","logo":{"@type":"ImageObject","inLanguage":"da-DK","@id":"https:\/\/plus.agency\/da\/#\/schema\/logo\/image\/","url":"https:\/\/plus.agency\/wp-content\/uploads\/2021\/10\/cropped-plus-agency-logo.png","contentUrl":"https:\/\/plus.agency\/wp-content\/uploads\/2021\/10\/cropped-plus-agency-logo.png","width":525,"height":319,"caption":"Plus Agency"},"image":{"@id":"https:\/\/plus.agency\/da\/#\/schema\/logo\/image\/"}}]}},"_links":{"self":[{"href":"https:\/\/plus.agency\/da\/wp-json\/wp\/v2\/pages\/5114","targetHints":{"allow":["GET"]}}],"collection":[{"href":"https:\/\/plus.agency\/da\/wp-json\/wp\/v2\/pages"}],"about":[{"href":"https:\/\/plus.agency\/da\/wp-json\/wp\/v2\/types\/page"}],"author":[{"embeddable":true,"href":"https:\/\/plus.agency\/da\/wp-json\/wp\/v2\/users\/13"}],"replies":[{"embeddable":true,"href":"https:\/\/plus.agency\/da\/wp-json\/wp\/v2\/comments?post=5114"}],"version-history":[{"count":251,"href":"https:\/\/plus.agency\/da\/wp-json\/wp\/v2\/pages\/5114\/revisions"}],"predecessor-version":[{"id":18926,"href":"https:\/\/plus.agency\/da\/wp-json\/wp\/v2\/pages\/5114\/revisions\/18926"}],"wp:attachment":[{"href":"https:\/\/plus.agency\/da\/wp-json\/wp\/v2\/media?parent=5114"}],"curies":[{"name":"wp","href":"https:\/\/api.w.org\/{rel}","templated":true}]}}