{"id":6129,"date":"2022-09-08T01:56:26","date_gmt":"2022-09-07T23:56:26","guid":{"rendered":"https:\/\/plus.agency\/?page_id=6129"},"modified":"2023-03-06T11:33:07","modified_gmt":"2023-03-06T09:33:07","slug":"udfordringer-i-forandringer","status":"publish","type":"page","link":"https:\/\/plus.agency\/da\/produkter\/mission-possible\/udfordringer-i-forandringer\/","title":{"rendered":"Udfordringer i forandringer"},"content":{"rendered":"\t\t<div data-elementor-type=\"wp-page\" data-elementor-id=\"6129\" class=\"elementor elementor-6129\" data-elementor-post-type=\"page\">\n\t\t\t\t\t\t<section class=\"elementor-section elementor-top-section elementor-element elementor-element-b6b0043 elementor-section-boxed elementor-section-height-default elementor-section-height-default\" data-id=\"b6b0043\" data-element_type=\"section\" data-settings=\"{&quot;background_background&quot;:&quot;classic&quot;}\">\n\t\t\t\t\t\t<div class=\"elementor-container elementor-column-gap-default\">\n\t\t\t\t\t<div class=\"elementor-column elementor-col-100 elementor-top-column elementor-element elementor-element-f926154\" data-id=\"f926154\" data-element_type=\"column\">\n\t\t\t<div class=\"elementor-widget-wrap elementor-element-populated\">\n\t\t\t\t\t\t<section class=\"elementor-section elementor-inner-section elementor-element elementor-element-3ba1bee elementor-reverse-tablet elementor-reverse-mobile elementor-section-boxed elementor-section-height-default elementor-section-height-default\" data-id=\"3ba1bee\" data-element_type=\"section\">\n\t\t\t\t\t\t<div class=\"elementor-container elementor-column-gap-default\">\n\t\t\t\t\t<div class=\"elementor-column elementor-col-100 elementor-inner-column elementor-element elementor-element-97a258a\" data-id=\"97a258a\" data-element_type=\"column\" data-settings=\"{&quot;background_background&quot;:&quot;classic&quot;}\">\n\t\t\t<div class=\"elementor-widget-wrap elementor-element-populated\">\n\t\t\t\t\t\t<div class=\"elementor-element elementor-element-c311f8d elementor-hidden-tablet elementor-hidden-mobile elementor-widget elementor-widget-breadcrumbs\" data-id=\"c311f8d\" data-element_type=\"widget\" data-widget_type=\"breadcrumbs.default\">\n\t\t\t\t<div class=\"elementor-widget-container\">\n\t\t\t\t\t<p id=\"breadcrumbs\"><span><span><a href=\"https:\/\/plus.agency\/da\/?page_id=14767\">Home<\/a><\/span><\/span><\/p>\t\t\t\t<\/div>\n\t\t\t\t<\/div>\n\t\t\t\t<div class=\"elementor-element elementor-element-0721e8a elementor-widget elementor-widget-heading\" data-id=\"0721e8a\" data-element_type=\"widget\" data-widget_type=\"heading.default\">\n\t\t\t\t<div class=\"elementor-widget-container\">\n\t\t\t\t\t<h2 class=\"elementor-heading-title elementor-size-default\">Udfordringer i forandringer<\/h2>\t\t\t\t<\/div>\n\t\t\t\t<\/div>\n\t\t\t\t\t<\/div>\n\t\t<\/div>\n\t\t\t\t\t<\/div>\n\t\t<\/section>\n\t\t\t\t<section class=\"elementor-section elementor-inner-section elementor-element elementor-element-683cb1d elementor-section-boxed elementor-section-height-default elementor-section-height-default\" data-id=\"683cb1d\" data-element_type=\"section\">\n\t\t\t\t\t\t<div class=\"elementor-container elementor-column-gap-default\">\n\t\t\t\t\t<div class=\"elementor-column elementor-col-33 elementor-inner-column elementor-element elementor-element-88d52aa\" data-id=\"88d52aa\" data-element_type=\"column\">\n\t\t\t<div class=\"elementor-widget-wrap elementor-element-populated\">\n\t\t\t\t\t\t<div class=\"elementor-element elementor-element-85c83ea elementor-widget elementor-widget-image\" data-id=\"85c83ea\" data-element_type=\"widget\" data-widget_type=\"image.default\">\n\t\t\t\t<div class=\"elementor-widget-container\">\n\t\t\t\t\t\t\t\t\t\t\t\t\t\t\t<img decoding=\"async\" width=\"161\" height=\"160\" src=\"https:\/\/plus.agency\/wp-content\/uploads\/2022\/09\/mp-in-1.jpg\" class=\"attachment-full size-full wp-image-6141\" alt=\"\" srcset=\"https:\/\/plus.agency\/wp-content\/uploads\/2022\/09\/mp-in-1.jpg 161w, https:\/\/plus.agency\/wp-content\/uploads\/2022\/09\/mp-in-1-150x150.jpg 150w\" sizes=\"(max-width: 161px) 100vw, 161px\" \/>\t\t\t\t\t\t\t\t\t\t\t\t\t\t\t<\/div>\n\t\t\t\t<\/div>\n\t\t\t\t<div class=\"elementor-element elementor-element-9102711 elementor-widget elementor-widget-heading\" data-id=\"9102711\" data-element_type=\"widget\" data-widget_type=\"heading.default\">\n\t\t\t\t<div class=\"elementor-widget-container\">\n\t\t\t\t\t<h3 class=\"elementor-heading-title elementor-size-default\">Forst\u00e5else<\/h3>\t\t\t\t<\/div>\n\t\t\t\t<\/div>\n\t\t\t\t<div class=\"elementor-element elementor-element-3d457c5 elementor-widget elementor-widget-text-editor\" data-id=\"3d457c5\" data-element_type=\"widget\" data-widget_type=\"text-editor.default\">\n\t\t\t\t<div class=\"elementor-widget-container\">\n\t\t\t\t\t\t\t\t\t<p>Jeg forst\u00e5r ikke, hvad der skal ske<\/p>\t\t\t\t\t\t\t\t<\/div>\n\t\t\t\t<\/div>\n\t\t\t\t\t<\/div>\n\t\t<\/div>\n\t\t\t\t<div class=\"elementor-column elementor-col-33 elementor-inner-column elementor-element elementor-element-eb86c27\" data-id=\"eb86c27\" data-element_type=\"column\">\n\t\t\t<div class=\"elementor-widget-wrap elementor-element-populated\">\n\t\t\t\t\t\t<div class=\"elementor-element elementor-element-5a67093 elementor-widget elementor-widget-image\" data-id=\"5a67093\" data-element_type=\"widget\" data-widget_type=\"image.default\">\n\t\t\t\t<div class=\"elementor-widget-container\">\n\t\t\t\t\t\t\t\t\t\t\t\t\t\t\t<img decoding=\"async\" width=\"160\" height=\"160\" src=\"https:\/\/plus.agency\/wp-content\/uploads\/2022\/09\/mp-in-2.png\" class=\"attachment-full size-full wp-image-6155\" alt=\"\" srcset=\"https:\/\/plus.agency\/wp-content\/uploads\/2022\/09\/mp-in-2.png 160w, https:\/\/plus.agency\/wp-content\/uploads\/2022\/09\/mp-in-2-150x150.png 150w\" sizes=\"(max-width: 160px) 100vw, 160px\" \/>\t\t\t\t\t\t\t\t\t\t\t\t\t\t\t<\/div>\n\t\t\t\t<\/div>\n\t\t\t\t<div class=\"elementor-element elementor-element-ecc97ec elementor-widget elementor-widget-heading\" data-id=\"ecc97ec\" data-element_type=\"widget\" data-widget_type=\"heading.default\">\n\t\t\t\t<div class=\"elementor-widget-container\">\n\t\t\t\t\t<h3 class=\"elementor-heading-title elementor-size-default\">Engagement<\/h3>\t\t\t\t<\/div>\n\t\t\t\t<\/div>\n\t\t\t\t<div class=\"elementor-element elementor-element-9f78086 elementor-widget elementor-widget-text-editor\" data-id=\"9f78086\" data-element_type=\"widget\" data-widget_type=\"text-editor.default\">\n\t\t\t\t<div class=\"elementor-widget-container\">\n\t\t\t\t\t\t\t\t\t<p>Jeg bryder mig ikke om, hvad der skal ske<\/p>\t\t\t\t\t\t\t\t<\/div>\n\t\t\t\t<\/div>\n\t\t\t\t\t<\/div>\n\t\t<\/div>\n\t\t\t\t<div class=\"elementor-column elementor-col-33 elementor-inner-column elementor-element elementor-element-5beb2c1\" data-id=\"5beb2c1\" data-element_type=\"column\">\n\t\t\t<div class=\"elementor-widget-wrap elementor-element-populated\">\n\t\t\t\t\t\t<div class=\"elementor-element elementor-element-4210b8b elementor-widget elementor-widget-image\" data-id=\"4210b8b\" data-element_type=\"widget\" data-widget_type=\"image.default\">\n\t\t\t\t<div class=\"elementor-widget-container\">\n\t\t\t\t\t\t\t\t\t\t\t\t\t\t\t<img decoding=\"async\" width=\"161\" height=\"160\" src=\"https:\/\/plus.agency\/wp-content\/uploads\/2022\/09\/mp-in-3.png\" class=\"attachment-full size-full wp-image-6160\" alt=\"\" srcset=\"https:\/\/plus.agency\/wp-content\/uploads\/2022\/09\/mp-in-3.png 161w, https:\/\/plus.agency\/wp-content\/uploads\/2022\/09\/mp-in-3-150x150.png 150w\" sizes=\"(max-width: 161px) 100vw, 161px\" \/>\t\t\t\t\t\t\t\t\t\t\t\t\t\t\t<\/div>\n\t\t\t\t<\/div>\n\t\t\t\t<div class=\"elementor-element elementor-element-7bd942e elementor-widget elementor-widget-heading\" data-id=\"7bd942e\" data-element_type=\"widget\" data-widget_type=\"heading.default\">\n\t\t\t\t<div class=\"elementor-widget-container\">\n\t\t\t\t\t<h3 class=\"elementor-heading-title elementor-size-default\">Handling<\/h3>\t\t\t\t<\/div>\n\t\t\t\t<\/div>\n\t\t\t\t<div class=\"elementor-element elementor-element-5814196 elementor-widget elementor-widget-text-editor\" data-id=\"5814196\" data-element_type=\"widget\" data-widget_type=\"text-editor.default\">\n\t\t\t\t<div class=\"elementor-widget-container\">\n\t\t\t\t\t\t\t\t\t<p>Jeg kan ikke g\u00f8re det, der skal til<\/p>\t\t\t\t\t\t\t\t<\/div>\n\t\t\t\t<\/div>\n\t\t\t\t\t<\/div>\n\t\t<\/div>\n\t\t\t\t\t<\/div>\n\t\t<\/section>\n\t\t\t\t\t<\/div>\n\t\t<\/div>\n\t\t\t\t\t<\/div>\n\t\t<\/section>\n\t\t\t\t<section class=\"elementor-section elementor-top-section elementor-element elementor-element-d0a7377 elementor-section-boxed elementor-section-height-default elementor-section-height-default\" data-id=\"d0a7377\" data-element_type=\"section\" data-settings=\"{&quot;background_background&quot;:&quot;classic&quot;}\">\n\t\t\t\t\t\t<div class=\"elementor-container elementor-column-gap-default\">\n\t\t\t\t\t<div class=\"elementor-column elementor-col-100 elementor-top-column elementor-element elementor-element-5896639\" data-id=\"5896639\" data-element_type=\"column\">\n\t\t\t<div class=\"elementor-widget-wrap elementor-element-populated\">\n\t\t\t\t\t\t<section class=\"elementor-section elementor-inner-section elementor-element elementor-element-ad62b78 elementor-section-boxed elementor-section-height-default elementor-section-height-default\" data-id=\"ad62b78\" data-element_type=\"section\">\n\t\t\t\t\t\t<div class=\"elementor-container elementor-column-gap-default\">\n\t\t\t\t\t<div class=\"elementor-column elementor-col-100 elementor-inner-column elementor-element elementor-element-b65b524\" data-id=\"b65b524\" data-element_type=\"column\">\n\t\t\t<div class=\"elementor-widget-wrap elementor-element-populated\">\n\t\t\t\t\t\t<div class=\"elementor-element elementor-element-78e7e08 elementor-widget elementor-widget-heading\" data-id=\"78e7e08\" data-element_type=\"widget\" data-widget_type=\"heading.default\">\n\t\t\t\t<div class=\"elementor-widget-container\">\n\t\t\t\t\t<h2 class=\"elementor-heading-title elementor-size-default\">Leg og l\u00e6ring bryder st\u00f8jmuren<br>og lukker det vigtigste ind<\/h2>\t\t\t\t<\/div>\n\t\t\t\t<\/div>\n\t\t\t\t<div class=\"elementor-element elementor-element-1aef988 elementor-widget elementor-widget-text-editor\" data-id=\"1aef988\" data-element_type=\"widget\" data-widget_type=\"text-editor.default\">\n\t\t\t\t<div class=\"elementor-widget-container\">\n\t\t\t\t\t\t\t\t\t<p>Online m\u00f8der er for l\u00e6ngst blevet en del af fleksibiliteten i moderne virksomheder. <br>Men hvordan g\u00e5r det med ledelsens \u00f8nske om at forankre strategierne og m\u00e5lene, n\u00e5r medarbejderne arbejder mere og mere p\u00e5 distancen?<br>Og hvordan tr\u00e6nger man igennem den stigende str\u00f8m af information, og f\u00e5r budskaberne og v\u00e6rdierne gjort til virkelighed?<\/p>\n<p>Svaret er Mission Possible. <br>Fordi leg og l\u00e6ring effektivt bryder st\u00f8jmuren og lukker det vigtigste ind. <br>Nemlig det, der giver mening i en fortravlet verden, hvor der er s\u00e5 meget vi skal n\u00e5 og forst\u00e5.<\/p>\n<p>Og opskriften? Den er ret simpel og bevist et utal af gange. <br>Nemlig at involvere medarbejderne \u2013 og styrke deres forbindelser til hinanden.<\/p>\t\t\t\t\t\t\t\t<\/div>\n\t\t\t\t<\/div>\n\t\t\t\t<div class=\"elementor-element elementor-element-913d5d1 elementor-align-center elementor-widget elementor-widget-button\" data-id=\"913d5d1\" data-element_type=\"widget\" data-widget_type=\"button.default\">\n\t\t\t\t<div class=\"elementor-widget-container\">\n\t\t\t\t\t\t\t\t\t<div class=\"elementor-button-wrapper\">\n\t\t\t\t\t<a class=\"elementor-button elementor-button-link elementor-size-sm\" href=\"https:\/\/plus.agency\/produkter\/mission-possible\/booster-deltagernes-engagement-og-motivation\/\">\n\t\t\t\t\t\t<span class=\"elementor-button-content-wrapper\">\n\t\t\t\t\t\t\t\t\t<span class=\"elementor-button-text\">N\u00e6ste<\/span>\n\t\t\t\t\t<\/span>\n\t\t\t\t\t<\/a>\n\t\t\t\t<\/div>\n\t\t\t\t\t\t\t\t<\/div>\n\t\t\t\t<\/div>\n\t\t\t\t\t<\/div>\n\t\t<\/div>\n\t\t\t\t\t<\/div>\n\t\t<\/section>\n\t\t\t\t\t<\/div>\n\t\t<\/div>\n\t\t\t\t\t<\/div>\n\t\t<\/section>\n\t\t\t\t<section class=\"elementor-section elementor-top-section elementor-element elementor-element-a3a695e elementor-section-boxed elementor-section-height-default elementor-section-height-default\" data-id=\"a3a695e\" data-element_type=\"section\" data-settings=\"{&quot;background_background&quot;:&quot;classic&quot;}\">\n\t\t\t\t\t\t<div class=\"elementor-container elementor-column-gap-default\">\n\t\t\t\t\t<div class=\"elementor-column elementor-col-100 elementor-top-column elementor-element elementor-element-9039f07\" data-id=\"9039f07\" data-element_type=\"column\">\n\t\t\t<div class=\"elementor-widget-wrap elementor-element-populated\">\n\t\t\t\t\t\t<section class=\"elementor-section elementor-inner-section elementor-element elementor-element-d4af43c elementor-section-boxed elementor-section-height-default elementor-section-height-default\" data-id=\"d4af43c\" data-element_type=\"section\" data-settings=\"{&quot;background_background&quot;:&quot;classic&quot;}\">\n\t\t\t\t\t\t<div class=\"elementor-container elementor-column-gap-default\">\n\t\t\t\t\t<div class=\"elementor-column elementor-col-50 elementor-inner-column elementor-element elementor-element-20292ac\" data-id=\"20292ac\" data-element_type=\"column\">\n\t\t\t<div class=\"elementor-widget-wrap elementor-element-populated\">\n\t\t\t\t\t\t<div class=\"elementor-element elementor-element-274aa1a elementor-widget elementor-widget-heading\" data-id=\"274aa1a\" data-element_type=\"widget\" data-widget_type=\"heading.default\">\n\t\t\t\t<div class=\"elementor-widget-container\">\n\t\t\t\t\t<h2 class=\"elementor-heading-title elementor-size-default\">Vil du ogs\u00e5 hj\u00e6lpe jeres organisationsforandringer p\u00e5 vej?<\/h2>\t\t\t\t<\/div>\n\t\t\t\t<\/div>\n\t\t\t\t\t<\/div>\n\t\t<\/div>\n\t\t\t\t<div class=\"elementor-column elementor-col-50 elementor-inner-column elementor-element elementor-element-58b560b\" data-id=\"58b560b\" data-element_type=\"column\">\n\t\t\t<div class=\"elementor-widget-wrap elementor-element-populated\">\n\t\t\t\t\t\t<div class=\"elementor-element elementor-element-7148b41 elementor-align-right elementor-tablet-align-center elementor-invisible elementor-widget elementor-widget-button\" data-id=\"7148b41\" data-element_type=\"widget\" data-settings=\"{&quot;_animation&quot;:&quot;fadeInUp&quot;}\" data-widget_type=\"button.default\">\n\t\t\t\t<div class=\"elementor-widget-container\">\n\t\t\t\t\t\t\t\t\t<div class=\"elementor-button-wrapper\">\n\t\t\t\t\t<a class=\"elementor-button elementor-button-link elementor-size-xl elementor-animation-grow\" href=\"https:\/\/plus.agency\/kontakt\/\">\n\t\t\t\t\t\t<span class=\"elementor-button-content-wrapper\">\n\t\t\t\t\t\t\t\t\t<span class=\"elementor-button-text\">kontakt Os<\/span>\n\t\t\t\t\t<\/span>\n\t\t\t\t\t<\/a>\n\t\t\t\t<\/div>\n\t\t\t\t\t\t\t\t<\/div>\n\t\t\t\t<\/div>\n\t\t\t\t\t<\/div>\n\t\t<\/div>\n\t\t\t\t\t<\/div>\n\t\t<\/section>\n\t\t\t\t\t<\/div>\n\t\t<\/div>\n\t\t\t\t\t<\/div>\n\t\t<\/section>\n\t\t\t\t<\/div>\n\t\t","protected":false},"excerpt":{"rendered":"<p>Udfordringer i forandringer Forst\u00e5else Jeg forst\u00e5r ikke, hvad der skal ske Engagement Jeg bryder mig ikke om, hvad der skal ske Handling Jeg kan ikke g\u00f8re det, der skal til Leg og l\u00e6ring bryder st\u00f8jmurenog lukker det vigtigste ind Online m\u00f8der er for l\u00e6ngst blevet en del af fleksibiliteten i moderne virksomheder. Men hvordan g\u00e5r [&hellip;]<\/p>\n","protected":false},"author":13,"featured_media":0,"parent":5521,"menu_order":0,"comment_status":"closed","ping_status":"closed","template":"elementor_header_footer","meta":{"inline_featured_image":false,"footnotes":""},"class_list":["post-6129","page","type-page","status-publish","hentry"],"yoast_head":"<!-- This site is optimized with the Yoast SEO plugin v26.0 - https:\/\/yoast.com\/wordpress\/plugins\/seo\/ -->\n<title>Udfordringer i forandringer &#8211; Plus Agency<\/title>\n<meta name=\"robots\" content=\"index, follow, max-snippet:-1, max-image-preview:large, max-video-preview:-1\" \/>\n<link rel=\"canonical\" href=\"https:\/\/plus.agency\/da\/produkter\/mission-possible\/udfordringer-i-forandringer\/\" \/>\n<meta property=\"og:locale\" content=\"da_DK\" \/>\n<meta property=\"og:type\" content=\"article\" \/>\n<meta property=\"og:title\" content=\"Udfordringer i forandringer &#8211; Plus Agency\" \/>\n<meta property=\"og:description\" content=\"Udfordringer i forandringer Forst\u00e5else Jeg forst\u00e5r ikke, hvad der skal ske Engagement Jeg bryder mig ikke om, hvad der skal ske Handling Jeg kan ikke g\u00f8re det, der skal til Leg og l\u00e6ring bryder st\u00f8jmurenog lukker det vigtigste ind Online m\u00f8der er for l\u00e6ngst blevet en del af fleksibiliteten i moderne virksomheder. Men hvordan g\u00e5r [&hellip;]\" \/>\n<meta property=\"og:url\" content=\"https:\/\/plus.agency\/da\/produkter\/mission-possible\/udfordringer-i-forandringer\/\" \/>\n<meta property=\"og:site_name\" content=\"Plus Agency\" \/>\n<meta property=\"article:modified_time\" content=\"2023-03-06T09:33:07+00:00\" \/>\n<meta property=\"og:image\" content=\"https:\/\/plus.agency\/wp-content\/uploads\/2022\/09\/mp-in-1.jpg\" \/>\n<meta name=\"twitter:card\" content=\"summary_large_image\" \/>\n<meta name=\"twitter:label1\" content=\"Estimeret l\u00e6setid\" \/>\n\t<meta name=\"twitter:data1\" content=\"2 minutter\" \/>\n<script type=\"application\/ld+json\" class=\"yoast-schema-graph\">{\"@context\":\"https:\/\/schema.org\",\"@graph\":[{\"@type\":\"WebPage\",\"@id\":\"https:\/\/plus.agency\/da\/produkter\/mission-possible\/udfordringer-i-forandringer\/\",\"url\":\"https:\/\/plus.agency\/da\/produkter\/mission-possible\/udfordringer-i-forandringer\/\",\"name\":\"Udfordringer i forandringer &#8211; Plus Agency\",\"isPartOf\":{\"@id\":\"https:\/\/plus.agency\/da\/#website\"},\"primaryImageOfPage\":{\"@id\":\"https:\/\/plus.agency\/da\/produkter\/mission-possible\/udfordringer-i-forandringer\/#primaryimage\"},\"image\":{\"@id\":\"https:\/\/plus.agency\/da\/produkter\/mission-possible\/udfordringer-i-forandringer\/#primaryimage\"},\"thumbnailUrl\":\"https:\/\/plus.agency\/wp-content\/uploads\/2022\/09\/mp-in-1.jpg\",\"datePublished\":\"2022-09-07T23:56:26+00:00\",\"dateModified\":\"2023-03-06T09:33:07+00:00\",\"breadcrumb\":{\"@id\":\"https:\/\/plus.agency\/da\/produkter\/mission-possible\/udfordringer-i-forandringer\/#breadcrumb\"},\"inLanguage\":\"da-DK\",\"potentialAction\":[{\"@type\":\"ReadAction\",\"target\":[\"https:\/\/plus.agency\/da\/produkter\/mission-possible\/udfordringer-i-forandringer\/\"]}]},{\"@type\":\"ImageObject\",\"inLanguage\":\"da-DK\",\"@id\":\"https:\/\/plus.agency\/da\/produkter\/mission-possible\/udfordringer-i-forandringer\/#primaryimage\",\"url\":\"https:\/\/plus.agency\/wp-content\/uploads\/2022\/09\/mp-in-1.jpg\",\"contentUrl\":\"https:\/\/plus.agency\/wp-content\/uploads\/2022\/09\/mp-in-1.jpg\"},{\"@type\":\"BreadcrumbList\",\"@id\":\"https:\/\/plus.agency\/da\/produkter\/mission-possible\/udfordringer-i-forandringer\/#breadcrumb\",\"itemListElement\":[{\"@type\":\"ListItem\",\"position\":1,\"name\":\"Home\",\"item\":\"https:\/\/plus.agency\/da\/?page_id=14767\"},{\"@type\":\"ListItem\",\"position\":2,\"name\":\"Produkter\",\"item\":\"https:\/\/plus.agency\/da\/produkter\/\"},{\"@type\":\"ListItem\",\"position\":3,\"name\":\"Mission Possible\",\"item\":\"https:\/\/plus.agency\/da\/produkter\/mission-possible\/\"},{\"@type\":\"ListItem\",\"position\":4,\"name\":\"Udfordringer i forandringer\"}]},{\"@type\":\"WebSite\",\"@id\":\"https:\/\/plus.agency\/da\/#website\",\"url\":\"https:\/\/plus.agency\/da\/\",\"name\":\"Plus Agency\",\"description\":\"Plus Agency\",\"publisher\":{\"@id\":\"https:\/\/plus.agency\/da\/#organization\"},\"potentialAction\":[{\"@type\":\"SearchAction\",\"target\":{\"@type\":\"EntryPoint\",\"urlTemplate\":\"https:\/\/plus.agency\/da\/?s={search_term_string}\"},\"query-input\":{\"@type\":\"PropertyValueSpecification\",\"valueRequired\":true,\"valueName\":\"search_term_string\"}}],\"inLanguage\":\"da-DK\"},{\"@type\":\"Organization\",\"@id\":\"https:\/\/plus.agency\/da\/#organization\",\"name\":\"Plus Agency\",\"url\":\"https:\/\/plus.agency\/da\/\",\"logo\":{\"@type\":\"ImageObject\",\"inLanguage\":\"da-DK\",\"@id\":\"https:\/\/plus.agency\/da\/#\/schema\/logo\/image\/\",\"url\":\"https:\/\/plus.agency\/wp-content\/uploads\/2021\/10\/cropped-plus-agency-logo.png\",\"contentUrl\":\"https:\/\/plus.agency\/wp-content\/uploads\/2021\/10\/cropped-plus-agency-logo.png\",\"width\":525,\"height\":319,\"caption\":\"Plus Agency\"},\"image\":{\"@id\":\"https:\/\/plus.agency\/da\/#\/schema\/logo\/image\/\"}}]}<\/script>\n<!-- \/ Yoast SEO plugin. -->","yoast_head_json":{"title":"Udfordringer i forandringer &#8211; Plus Agency","robots":{"index":"index","follow":"follow","max-snippet":"max-snippet:-1","max-image-preview":"max-image-preview:large","max-video-preview":"max-video-preview:-1"},"canonical":"https:\/\/plus.agency\/da\/produkter\/mission-possible\/udfordringer-i-forandringer\/","og_locale":"da_DK","og_type":"article","og_title":"Udfordringer i forandringer &#8211; Plus Agency","og_description":"Udfordringer i forandringer Forst\u00e5else Jeg forst\u00e5r ikke, hvad der skal ske Engagement Jeg bryder mig ikke om, hvad der skal ske Handling Jeg kan ikke g\u00f8re det, der skal til Leg og l\u00e6ring bryder st\u00f8jmurenog lukker det vigtigste ind Online m\u00f8der er for l\u00e6ngst blevet en del af fleksibiliteten i moderne virksomheder. Men hvordan g\u00e5r [&hellip;]","og_url":"https:\/\/plus.agency\/da\/produkter\/mission-possible\/udfordringer-i-forandringer\/","og_site_name":"Plus Agency","article_modified_time":"2023-03-06T09:33:07+00:00","og_image":[{"url":"https:\/\/plus.agency\/wp-content\/uploads\/2022\/09\/mp-in-1.jpg","type":"","width":"","height":""}],"twitter_card":"summary_large_image","twitter_misc":{"Estimeret l\u00e6setid":"2 minutter"},"schema":{"@context":"https:\/\/schema.org","@graph":[{"@type":"WebPage","@id":"https:\/\/plus.agency\/da\/produkter\/mission-possible\/udfordringer-i-forandringer\/","url":"https:\/\/plus.agency\/da\/produkter\/mission-possible\/udfordringer-i-forandringer\/","name":"Udfordringer i forandringer &#8211; Plus Agency","isPartOf":{"@id":"https:\/\/plus.agency\/da\/#website"},"primaryImageOfPage":{"@id":"https:\/\/plus.agency\/da\/produkter\/mission-possible\/udfordringer-i-forandringer\/#primaryimage"},"image":{"@id":"https:\/\/plus.agency\/da\/produkter\/mission-possible\/udfordringer-i-forandringer\/#primaryimage"},"thumbnailUrl":"https:\/\/plus.agency\/wp-content\/uploads\/2022\/09\/mp-in-1.jpg","datePublished":"2022-09-07T23:56:26+00:00","dateModified":"2023-03-06T09:33:07+00:00","breadcrumb":{"@id":"https:\/\/plus.agency\/da\/produkter\/mission-possible\/udfordringer-i-forandringer\/#breadcrumb"},"inLanguage":"da-DK","potentialAction":[{"@type":"ReadAction","target":["https:\/\/plus.agency\/da\/produkter\/mission-possible\/udfordringer-i-forandringer\/"]}]},{"@type":"ImageObject","inLanguage":"da-DK","@id":"https:\/\/plus.agency\/da\/produkter\/mission-possible\/udfordringer-i-forandringer\/#primaryimage","url":"https:\/\/plus.agency\/wp-content\/uploads\/2022\/09\/mp-in-1.jpg","contentUrl":"https:\/\/plus.agency\/wp-content\/uploads\/2022\/09\/mp-in-1.jpg"},{"@type":"BreadcrumbList","@id":"https:\/\/plus.agency\/da\/produkter\/mission-possible\/udfordringer-i-forandringer\/#breadcrumb","itemListElement":[{"@type":"ListItem","position":1,"name":"Home","item":"https:\/\/plus.agency\/da\/?page_id=14767"},{"@type":"ListItem","position":2,"name":"Produkter","item":"https:\/\/plus.agency\/da\/produkter\/"},{"@type":"ListItem","position":3,"name":"Mission Possible","item":"https:\/\/plus.agency\/da\/produkter\/mission-possible\/"},{"@type":"ListItem","position":4,"name":"Udfordringer i forandringer"}]},{"@type":"WebSite","@id":"https:\/\/plus.agency\/da\/#website","url":"https:\/\/plus.agency\/da\/","name":"Plus Agency","description":"Plus Agency","publisher":{"@id":"https:\/\/plus.agency\/da\/#organization"},"potentialAction":[{"@type":"SearchAction","target":{"@type":"EntryPoint","urlTemplate":"https:\/\/plus.agency\/da\/?s={search_term_string}"},"query-input":{"@type":"PropertyValueSpecification","valueRequired":true,"valueName":"search_term_string"}}],"inLanguage":"da-DK"},{"@type":"Organization","@id":"https:\/\/plus.agency\/da\/#organization","name":"Plus Agency","url":"https:\/\/plus.agency\/da\/","logo":{"@type":"ImageObject","inLanguage":"da-DK","@id":"https:\/\/plus.agency\/da\/#\/schema\/logo\/image\/","url":"https:\/\/plus.agency\/wp-content\/uploads\/2021\/10\/cropped-plus-agency-logo.png","contentUrl":"https:\/\/plus.agency\/wp-content\/uploads\/2021\/10\/cropped-plus-agency-logo.png","width":525,"height":319,"caption":"Plus Agency"},"image":{"@id":"https:\/\/plus.agency\/da\/#\/schema\/logo\/image\/"}}]}},"_links":{"self":[{"href":"https:\/\/plus.agency\/da\/wp-json\/wp\/v2\/pages\/6129","targetHints":{"allow":["GET"]}}],"collection":[{"href":"https:\/\/plus.agency\/da\/wp-json\/wp\/v2\/pages"}],"about":[{"href":"https:\/\/plus.agency\/da\/wp-json\/wp\/v2\/types\/page"}],"author":[{"embeddable":true,"href":"https:\/\/plus.agency\/da\/wp-json\/wp\/v2\/users\/13"}],"replies":[{"embeddable":true,"href":"https:\/\/plus.agency\/da\/wp-json\/wp\/v2\/comments?post=6129"}],"version-history":[{"count":106,"href":"https:\/\/plus.agency\/da\/wp-json\/wp\/v2\/pages\/6129\/revisions"}],"predecessor-version":[{"id":14728,"href":"https:\/\/plus.agency\/da\/wp-json\/wp\/v2\/pages\/6129\/revisions\/14728"}],"up":[{"embeddable":true,"href":"https:\/\/plus.agency\/da\/wp-json\/wp\/v2\/pages\/5521"}],"wp:attachment":[{"href":"https:\/\/plus.agency\/da\/wp-json\/wp\/v2\/media?parent=6129"}],"curies":[{"name":"wp","href":"https:\/\/api.w.org\/{rel}","templated":true}]}}