{"id":6397,"date":"2022-09-11T02:42:31","date_gmt":"2022-09-11T00:42:31","guid":{"rendered":"https:\/\/plus.agency\/?page_id=6397"},"modified":"2023-01-26T12:34:28","modified_gmt":"2023-01-26T10:34:28","slug":"booster-deltagernes-engagement-og-motivation","status":"publish","type":"page","link":"https:\/\/plus.agency\/da\/produkter\/mission-possible\/booster-deltagernes-engagement-og-motivation\/","title":{"rendered":"MP booster engagement"},"content":{"rendered":"\t\t<div data-elementor-type=\"wp-page\" data-elementor-id=\"6397\" class=\"elementor elementor-6397\" data-elementor-post-type=\"page\">\n\t\t\t\t\t\t<section class=\"elementor-section elementor-top-section elementor-element elementor-element-687f203 elementor-section-boxed elementor-section-height-default elementor-section-height-default\" data-id=\"687f203\" data-element_type=\"section\" data-settings=\"{&quot;background_background&quot;:&quot;classic&quot;}\">\n\t\t\t\t\t\t<div class=\"elementor-container elementor-column-gap-default\">\n\t\t\t\t\t<div class=\"elementor-column elementor-col-100 elementor-top-column elementor-element elementor-element-cf7b945\" data-id=\"cf7b945\" data-element_type=\"column\">\n\t\t\t<div class=\"elementor-widget-wrap elementor-element-populated\">\n\t\t\t\t\t\t<section class=\"elementor-section elementor-inner-section elementor-element elementor-element-558465e elementor-reverse-tablet elementor-reverse-mobile elementor-section-boxed elementor-section-height-default elementor-section-height-default\" data-id=\"558465e\" data-element_type=\"section\">\n\t\t\t\t\t\t<div class=\"elementor-container elementor-column-gap-default\">\n\t\t\t\t\t<div class=\"elementor-column elementor-col-100 elementor-inner-column elementor-element elementor-element-4b64e1a\" data-id=\"4b64e1a\" data-element_type=\"column\" data-settings=\"{&quot;background_background&quot;:&quot;classic&quot;}\">\n\t\t\t<div class=\"elementor-widget-wrap elementor-element-populated\">\n\t\t\t\t\t\t<div class=\"elementor-element elementor-element-a54bc17 elementor-hidden-tablet elementor-hidden-mobile elementor-widget elementor-widget-breadcrumbs\" data-id=\"a54bc17\" data-element_type=\"widget\" data-widget_type=\"breadcrumbs.default\">\n\t\t\t\t<div class=\"elementor-widget-container\">\n\t\t\t\t\t<p id=\"breadcrumbs\"><span><span><a href=\"https:\/\/plus.agency\/da\/?page_id=14767\">Home<\/a><\/span><\/span><\/p>\t\t\t\t<\/div>\n\t\t\t\t<\/div>\n\t\t\t\t\t<\/div>\n\t\t<\/div>\n\t\t\t\t\t<\/div>\n\t\t<\/section>\n\t\t\t\t<section class=\"elementor-section elementor-inner-section elementor-element elementor-element-c77ab75 elementor-reverse-tablet elementor-reverse-mobile elementor-section-boxed elementor-section-height-default elementor-section-height-default\" data-id=\"c77ab75\" data-element_type=\"section\">\n\t\t\t\t\t\t<div class=\"elementor-container elementor-column-gap-no\">\n\t\t\t\t\t<div class=\"elementor-column elementor-col-50 elementor-inner-column elementor-element elementor-element-0c0ce80\" data-id=\"0c0ce80\" data-element_type=\"column\">\n\t\t\t<div class=\"elementor-widget-wrap elementor-element-populated\">\n\t\t\t\t\t\t<div class=\"elementor-element elementor-element-f81a015 elementor-widget elementor-widget-heading\" data-id=\"f81a015\" data-element_type=\"widget\" data-widget_type=\"heading.default\">\n\t\t\t\t<div class=\"elementor-widget-container\">\n\t\t\t\t\t<h2 class=\"elementor-heading-title elementor-size-default\">Mission Possible booster deltagernes engagement og motivation<\/h2>\t\t\t\t<\/div>\n\t\t\t\t<\/div>\n\t\t\t\t<div class=\"elementor-element elementor-element-ae3686e elementor-widget elementor-widget-text-editor\" data-id=\"ae3686e\" data-element_type=\"widget\" data-widget_type=\"text-editor.default\">\n\t\t\t\t<div class=\"elementor-widget-container\">\n\t\t\t\t\t\t\t\t\t<p>Mission Possible er\u00a0et enkelt og motiverende\u00a0online spil. Deltagerne er opdelt i sm\u00e5 grupper og konkurrerer mod hinanden om at l\u00f8se en r\u00e6kke missioner. Missionerne er designet og tilpasset i forhold til de konkrete indsatser og budskaber I \u00f8nsker at f\u00e5 implementeret i jeres virksomhed eller organisation.<\/p><p>Nerven i hele processen er l\u00e6ring gennem leg. Men det, der g\u00f8r Mission Possible helt unikt, er funderingen i videnskabelige teorier om voksenl\u00e6ring og dramaturgi. Derfor oplever deltagerne Mission Possible som konstant stimulerende, engagerende, dramatisk, sjovt og meningsfuldt. (Se mere om vores <a class=\"link-blue\" href=\"https:\/\/plus.agency\/artikler\/\">designprincipper<\/a> her.)<\/p><p>Som arrang\u00f8r r\u00e5der I pludselig over en anderledes, sp\u00e6ndende og super effektiv platform, der p\u00e5 f\u00e5 timer f\u00e5r det hele til at ske. Vidensdeling, networking og ikke mindst accept og forst\u00e5else af de budskaber\u00a0og buyins, det hele handler om.,<\/p>\t\t\t\t\t\t\t\t<\/div>\n\t\t\t\t<\/div>\n\t\t\t\t<div class=\"elementor-element elementor-element-25dbaed elementor-align-left elementor-widget elementor-widget-button\" data-id=\"25dbaed\" data-element_type=\"widget\" data-widget_type=\"button.default\">\n\t\t\t\t<div class=\"elementor-widget-container\">\n\t\t\t\t\t\t\t\t\t<div class=\"elementor-button-wrapper\">\n\t\t\t\t\t<a class=\"elementor-button elementor-button-link elementor-size-sm\" href=\"https:\/\/plus.agency\/produkter\/mission-possible\/virksomheder-med-hoejt-engagerede-medarbejdere-er-mere-profitable\/\">\n\t\t\t\t\t\t<span class=\"elementor-button-content-wrapper\">\n\t\t\t\t\t\t\t\t\t<span class=\"elementor-button-text\">N\u00e6ste<\/span>\n\t\t\t\t\t<\/span>\n\t\t\t\t\t<\/a>\n\t\t\t\t<\/div>\n\t\t\t\t\t\t\t\t<\/div>\n\t\t\t\t<\/div>\n\t\t\t\t\t<\/div>\n\t\t<\/div>\n\t\t\t\t<div class=\"elementor-column elementor-col-50 elementor-inner-column elementor-element elementor-element-96a8480\" data-id=\"96a8480\" data-element_type=\"column\" data-settings=\"{&quot;background_background&quot;:&quot;classic&quot;}\">\n\t\t\t<div class=\"elementor-widget-wrap elementor-element-populated\">\n\t\t\t\t\t\t<div class=\"elementor-element elementor-element-0f1fe84 elementor-widget elementor-widget-image\" data-id=\"0f1fe84\" data-element_type=\"widget\" data-widget_type=\"image.default\">\n\t\t\t\t<div class=\"elementor-widget-container\">\n\t\t\t\t\t\t\t\t\t\t\t\t\t\t\t<img fetchpriority=\"high\" decoding=\"async\" width=\"601\" height=\"582\" src=\"https:\/\/plus.agency\/wp-content\/uploads\/2022\/09\/boosts.png\" class=\"attachment-full size-full wp-image-6401\" alt=\"\" srcset=\"https:\/\/plus.agency\/wp-content\/uploads\/2022\/09\/boosts.png 601w, https:\/\/plus.agency\/wp-content\/uploads\/2022\/09\/boosts-300x291.png 300w\" sizes=\"(max-width: 601px) 100vw, 601px\" \/>\t\t\t\t\t\t\t\t\t\t\t\t\t\t\t<\/div>\n\t\t\t\t<\/div>\n\t\t\t\t\t<\/div>\n\t\t<\/div>\n\t\t\t\t\t<\/div>\n\t\t<\/section>\n\t\t\t\t\t<\/div>\n\t\t<\/div>\n\t\t\t\t\t<\/div>\n\t\t<\/section>\n\t\t\t\t<section class=\"elementor-section elementor-top-section elementor-element elementor-element-b8f15f6 elementor-section-boxed elementor-section-height-default elementor-section-height-default\" data-id=\"b8f15f6\" data-element_type=\"section\" data-settings=\"{&quot;background_background&quot;:&quot;classic&quot;}\">\n\t\t\t\t\t\t<div class=\"elementor-container elementor-column-gap-default\">\n\t\t\t\t\t<div class=\"elementor-column elementor-col-100 elementor-top-column elementor-element elementor-element-36d2a9f\" data-id=\"36d2a9f\" data-element_type=\"column\">\n\t\t\t<div class=\"elementor-widget-wrap elementor-element-populated\">\n\t\t\t\t\t\t<section class=\"elementor-section elementor-inner-section elementor-element elementor-element-3898816 elementor-section-boxed elementor-section-height-default elementor-section-height-default\" data-id=\"3898816\" data-element_type=\"section\" data-settings=\"{&quot;background_background&quot;:&quot;classic&quot;}\">\n\t\t\t\t\t\t<div class=\"elementor-container elementor-column-gap-default\">\n\t\t\t\t\t<div class=\"elementor-column elementor-col-50 elementor-inner-column elementor-element elementor-element-c49c199\" data-id=\"c49c199\" data-element_type=\"column\">\n\t\t\t<div class=\"elementor-widget-wrap elementor-element-populated\">\n\t\t\t\t\t\t<div class=\"elementor-element elementor-element-147951d elementor-widget elementor-widget-heading\" data-id=\"147951d\" data-element_type=\"widget\" data-widget_type=\"heading.default\">\n\t\t\t\t<div class=\"elementor-widget-container\">\n\t\t\t\t\t<h2 class=\"elementor-heading-title elementor-size-default\">\u00d8nsker du ogs\u00e5 at g\u00f8re jeres interne kommunikation mere involverende?<\/h2>\t\t\t\t<\/div>\n\t\t\t\t<\/div>\n\t\t\t\t\t<\/div>\n\t\t<\/div>\n\t\t\t\t<div class=\"elementor-column elementor-col-50 elementor-inner-column elementor-element elementor-element-165d878\" data-id=\"165d878\" data-element_type=\"column\">\n\t\t\t<div class=\"elementor-widget-wrap elementor-element-populated\">\n\t\t\t\t\t\t<div class=\"elementor-element elementor-element-c37aa58 elementor-align-right elementor-tablet-align-center elementor-invisible elementor-widget elementor-widget-button\" data-id=\"c37aa58\" data-element_type=\"widget\" data-settings=\"{&quot;_animation&quot;:&quot;fadeInUp&quot;}\" data-widget_type=\"button.default\">\n\t\t\t\t<div class=\"elementor-widget-container\">\n\t\t\t\t\t\t\t\t\t<div class=\"elementor-button-wrapper\">\n\t\t\t\t\t<a class=\"elementor-button elementor-button-link elementor-size-xl elementor-animation-grow\" href=\"https:\/\/plus.agency\/kontakt\/\">\n\t\t\t\t\t\t<span class=\"elementor-button-content-wrapper\">\n\t\t\t\t\t\t\t\t\t<span class=\"elementor-button-text\">kontakt Os<\/span>\n\t\t\t\t\t<\/span>\n\t\t\t\t\t<\/a>\n\t\t\t\t<\/div>\n\t\t\t\t\t\t\t\t<\/div>\n\t\t\t\t<\/div>\n\t\t\t\t\t<\/div>\n\t\t<\/div>\n\t\t\t\t\t<\/div>\n\t\t<\/section>\n\t\t\t\t\t<\/div>\n\t\t<\/div>\n\t\t\t\t\t<\/div>\n\t\t<\/section>\n\t\t\t\t<\/div>\n\t\t","protected":false},"excerpt":{"rendered":"<p>Mission Possible booster deltagernes engagement og motivation Mission Possible er\u00a0et enkelt og motiverende\u00a0online spil. Deltagerne er opdelt i sm\u00e5 grupper og konkurrerer mod hinanden om at l\u00f8se en r\u00e6kke missioner. Missionerne er designet og tilpasset i forhold til de konkrete indsatser og budskaber I \u00f8nsker at f\u00e5 implementeret i jeres virksomhed eller organisation. Nerven i [&hellip;]<\/p>\n","protected":false},"author":13,"featured_media":0,"parent":5521,"menu_order":0,"comment_status":"closed","ping_status":"closed","template":"elementor_header_footer","meta":{"inline_featured_image":false,"footnotes":""},"class_list":["post-6397","page","type-page","status-publish","hentry"],"yoast_head":"<!-- This site is optimized with the Yoast SEO plugin v26.0 - https:\/\/yoast.com\/wordpress\/plugins\/seo\/ -->\n<title>MP booster engagement &#8211; Plus Agency<\/title>\n<meta name=\"description\" content=\"Mission Impossible er et enkelt og motiverende online spil for hele organisationen. Det er l\u00e6ring gennem leg - og er helt unikt baseret p\u00e5 videnskabelige teorier om voksenl\u00e6ring og dramaturgi.\" \/>\n<meta name=\"robots\" content=\"index, follow, max-snippet:-1, max-image-preview:large, max-video-preview:-1\" \/>\n<link rel=\"canonical\" href=\"https:\/\/plus.agency\/da\/produkter\/mission-possible\/booster-deltagernes-engagement-og-motivation\/\" \/>\n<meta property=\"og:locale\" content=\"da_DK\" \/>\n<meta property=\"og:type\" content=\"article\" \/>\n<meta property=\"og:title\" content=\"MP booster engagement &#8211; Plus Agency\" \/>\n<meta property=\"og:description\" content=\"Mission Impossible er et enkelt og motiverende online spil for hele organisationen. Det er l\u00e6ring gennem leg - og er helt unikt baseret p\u00e5 videnskabelige teorier om voksenl\u00e6ring og dramaturgi.\" \/>\n<meta property=\"og:url\" content=\"https:\/\/plus.agency\/da\/produkter\/mission-possible\/booster-deltagernes-engagement-og-motivation\/\" \/>\n<meta property=\"og:site_name\" content=\"Plus Agency\" \/>\n<meta property=\"article:modified_time\" content=\"2023-01-26T10:34:28+00:00\" \/>\n<meta property=\"og:image\" content=\"https:\/\/plus.agency\/wp-content\/uploads\/2022\/09\/boosts.png\" \/>\n<meta name=\"twitter:card\" content=\"summary_large_image\" \/>\n<meta name=\"twitter:label1\" content=\"Estimeret l\u00e6setid\" \/>\n\t<meta name=\"twitter:data1\" content=\"2 minutter\" \/>\n<script type=\"application\/ld+json\" class=\"yoast-schema-graph\">{\"@context\":\"https:\/\/schema.org\",\"@graph\":[{\"@type\":\"WebPage\",\"@id\":\"https:\/\/plus.agency\/da\/produkter\/mission-possible\/booster-deltagernes-engagement-og-motivation\/\",\"url\":\"https:\/\/plus.agency\/da\/produkter\/mission-possible\/booster-deltagernes-engagement-og-motivation\/\",\"name\":\"MP booster engagement &#8211; Plus Agency\",\"isPartOf\":{\"@id\":\"https:\/\/plus.agency\/da\/#website\"},\"primaryImageOfPage\":{\"@id\":\"https:\/\/plus.agency\/da\/produkter\/mission-possible\/booster-deltagernes-engagement-og-motivation\/#primaryimage\"},\"image\":{\"@id\":\"https:\/\/plus.agency\/da\/produkter\/mission-possible\/booster-deltagernes-engagement-og-motivation\/#primaryimage\"},\"thumbnailUrl\":\"https:\/\/plus.agency\/wp-content\/uploads\/2022\/09\/boosts.png\",\"datePublished\":\"2022-09-11T00:42:31+00:00\",\"dateModified\":\"2023-01-26T10:34:28+00:00\",\"description\":\"Mission Impossible er et enkelt og motiverende online spil for hele organisationen. Det er l\u00e6ring gennem leg - og er helt unikt baseret p\u00e5 videnskabelige teorier om voksenl\u00e6ring og dramaturgi.\",\"breadcrumb\":{\"@id\":\"https:\/\/plus.agency\/da\/produkter\/mission-possible\/booster-deltagernes-engagement-og-motivation\/#breadcrumb\"},\"inLanguage\":\"da-DK\",\"potentialAction\":[{\"@type\":\"ReadAction\",\"target\":[\"https:\/\/plus.agency\/da\/produkter\/mission-possible\/booster-deltagernes-engagement-og-motivation\/\"]}]},{\"@type\":\"ImageObject\",\"inLanguage\":\"da-DK\",\"@id\":\"https:\/\/plus.agency\/da\/produkter\/mission-possible\/booster-deltagernes-engagement-og-motivation\/#primaryimage\",\"url\":\"https:\/\/plus.agency\/wp-content\/uploads\/2022\/09\/boosts.png\",\"contentUrl\":\"https:\/\/plus.agency\/wp-content\/uploads\/2022\/09\/boosts.png\"},{\"@type\":\"BreadcrumbList\",\"@id\":\"https:\/\/plus.agency\/da\/produkter\/mission-possible\/booster-deltagernes-engagement-og-motivation\/#breadcrumb\",\"itemListElement\":[{\"@type\":\"ListItem\",\"position\":1,\"name\":\"Home\",\"item\":\"https:\/\/plus.agency\/da\/?page_id=14767\"},{\"@type\":\"ListItem\",\"position\":2,\"name\":\"Produkter\",\"item\":\"https:\/\/plus.agency\/da\/produkter\/\"},{\"@type\":\"ListItem\",\"position\":3,\"name\":\"Mission Possible\",\"item\":\"https:\/\/plus.agency\/da\/produkter\/mission-possible\/\"},{\"@type\":\"ListItem\",\"position\":4,\"name\":\"MP booster engagement\"}]},{\"@type\":\"WebSite\",\"@id\":\"https:\/\/plus.agency\/da\/#website\",\"url\":\"https:\/\/plus.agency\/da\/\",\"name\":\"Plus Agency\",\"description\":\"Plus Agency\",\"publisher\":{\"@id\":\"https:\/\/plus.agency\/da\/#organization\"},\"potentialAction\":[{\"@type\":\"SearchAction\",\"target\":{\"@type\":\"EntryPoint\",\"urlTemplate\":\"https:\/\/plus.agency\/da\/?s={search_term_string}\"},\"query-input\":{\"@type\":\"PropertyValueSpecification\",\"valueRequired\":true,\"valueName\":\"search_term_string\"}}],\"inLanguage\":\"da-DK\"},{\"@type\":\"Organization\",\"@id\":\"https:\/\/plus.agency\/da\/#organization\",\"name\":\"Plus Agency\",\"url\":\"https:\/\/plus.agency\/da\/\",\"logo\":{\"@type\":\"ImageObject\",\"inLanguage\":\"da-DK\",\"@id\":\"https:\/\/plus.agency\/da\/#\/schema\/logo\/image\/\",\"url\":\"https:\/\/plus.agency\/wp-content\/uploads\/2021\/10\/cropped-plus-agency-logo.png\",\"contentUrl\":\"https:\/\/plus.agency\/wp-content\/uploads\/2021\/10\/cropped-plus-agency-logo.png\",\"width\":525,\"height\":319,\"caption\":\"Plus Agency\"},\"image\":{\"@id\":\"https:\/\/plus.agency\/da\/#\/schema\/logo\/image\/\"}}]}<\/script>\n<!-- \/ Yoast SEO plugin. -->","yoast_head_json":{"title":"MP booster engagement &#8211; Plus Agency","description":"Mission Impossible er et enkelt og motiverende online spil for hele organisationen. Det er l\u00e6ring gennem leg - og er helt unikt baseret p\u00e5 videnskabelige teorier om voksenl\u00e6ring og dramaturgi.","robots":{"index":"index","follow":"follow","max-snippet":"max-snippet:-1","max-image-preview":"max-image-preview:large","max-video-preview":"max-video-preview:-1"},"canonical":"https:\/\/plus.agency\/da\/produkter\/mission-possible\/booster-deltagernes-engagement-og-motivation\/","og_locale":"da_DK","og_type":"article","og_title":"MP booster engagement &#8211; Plus Agency","og_description":"Mission Impossible er et enkelt og motiverende online spil for hele organisationen. Det er l\u00e6ring gennem leg - og er helt unikt baseret p\u00e5 videnskabelige teorier om voksenl\u00e6ring og dramaturgi.","og_url":"https:\/\/plus.agency\/da\/produkter\/mission-possible\/booster-deltagernes-engagement-og-motivation\/","og_site_name":"Plus Agency","article_modified_time":"2023-01-26T10:34:28+00:00","og_image":[{"url":"https:\/\/plus.agency\/wp-content\/uploads\/2022\/09\/boosts.png","type":"","width":"","height":""}],"twitter_card":"summary_large_image","twitter_misc":{"Estimeret l\u00e6setid":"2 minutter"},"schema":{"@context":"https:\/\/schema.org","@graph":[{"@type":"WebPage","@id":"https:\/\/plus.agency\/da\/produkter\/mission-possible\/booster-deltagernes-engagement-og-motivation\/","url":"https:\/\/plus.agency\/da\/produkter\/mission-possible\/booster-deltagernes-engagement-og-motivation\/","name":"MP booster engagement &#8211; Plus Agency","isPartOf":{"@id":"https:\/\/plus.agency\/da\/#website"},"primaryImageOfPage":{"@id":"https:\/\/plus.agency\/da\/produkter\/mission-possible\/booster-deltagernes-engagement-og-motivation\/#primaryimage"},"image":{"@id":"https:\/\/plus.agency\/da\/produkter\/mission-possible\/booster-deltagernes-engagement-og-motivation\/#primaryimage"},"thumbnailUrl":"https:\/\/plus.agency\/wp-content\/uploads\/2022\/09\/boosts.png","datePublished":"2022-09-11T00:42:31+00:00","dateModified":"2023-01-26T10:34:28+00:00","description":"Mission Impossible er et enkelt og motiverende online spil for hele organisationen. Det er l\u00e6ring gennem leg - og er helt unikt baseret p\u00e5 videnskabelige teorier om voksenl\u00e6ring og dramaturgi.","breadcrumb":{"@id":"https:\/\/plus.agency\/da\/produkter\/mission-possible\/booster-deltagernes-engagement-og-motivation\/#breadcrumb"},"inLanguage":"da-DK","potentialAction":[{"@type":"ReadAction","target":["https:\/\/plus.agency\/da\/produkter\/mission-possible\/booster-deltagernes-engagement-og-motivation\/"]}]},{"@type":"ImageObject","inLanguage":"da-DK","@id":"https:\/\/plus.agency\/da\/produkter\/mission-possible\/booster-deltagernes-engagement-og-motivation\/#primaryimage","url":"https:\/\/plus.agency\/wp-content\/uploads\/2022\/09\/boosts.png","contentUrl":"https:\/\/plus.agency\/wp-content\/uploads\/2022\/09\/boosts.png"},{"@type":"BreadcrumbList","@id":"https:\/\/plus.agency\/da\/produkter\/mission-possible\/booster-deltagernes-engagement-og-motivation\/#breadcrumb","itemListElement":[{"@type":"ListItem","position":1,"name":"Home","item":"https:\/\/plus.agency\/da\/?page_id=14767"},{"@type":"ListItem","position":2,"name":"Produkter","item":"https:\/\/plus.agency\/da\/produkter\/"},{"@type":"ListItem","position":3,"name":"Mission Possible","item":"https:\/\/plus.agency\/da\/produkter\/mission-possible\/"},{"@type":"ListItem","position":4,"name":"MP booster engagement"}]},{"@type":"WebSite","@id":"https:\/\/plus.agency\/da\/#website","url":"https:\/\/plus.agency\/da\/","name":"Plus Agency","description":"Plus Agency","publisher":{"@id":"https:\/\/plus.agency\/da\/#organization"},"potentialAction":[{"@type":"SearchAction","target":{"@type":"EntryPoint","urlTemplate":"https:\/\/plus.agency\/da\/?s={search_term_string}"},"query-input":{"@type":"PropertyValueSpecification","valueRequired":true,"valueName":"search_term_string"}}],"inLanguage":"da-DK"},{"@type":"Organization","@id":"https:\/\/plus.agency\/da\/#organization","name":"Plus Agency","url":"https:\/\/plus.agency\/da\/","logo":{"@type":"ImageObject","inLanguage":"da-DK","@id":"https:\/\/plus.agency\/da\/#\/schema\/logo\/image\/","url":"https:\/\/plus.agency\/wp-content\/uploads\/2021\/10\/cropped-plus-agency-logo.png","contentUrl":"https:\/\/plus.agency\/wp-content\/uploads\/2021\/10\/cropped-plus-agency-logo.png","width":525,"height":319,"caption":"Plus Agency"},"image":{"@id":"https:\/\/plus.agency\/da\/#\/schema\/logo\/image\/"}}]}},"_links":{"self":[{"href":"https:\/\/plus.agency\/da\/wp-json\/wp\/v2\/pages\/6397","targetHints":{"allow":["GET"]}}],"collection":[{"href":"https:\/\/plus.agency\/da\/wp-json\/wp\/v2\/pages"}],"about":[{"href":"https:\/\/plus.agency\/da\/wp-json\/wp\/v2\/types\/page"}],"author":[{"embeddable":true,"href":"https:\/\/plus.agency\/da\/wp-json\/wp\/v2\/users\/13"}],"replies":[{"embeddable":true,"href":"https:\/\/plus.agency\/da\/wp-json\/wp\/v2\/comments?post=6397"}],"version-history":[{"count":68,"href":"https:\/\/plus.agency\/da\/wp-json\/wp\/v2\/pages\/6397\/revisions"}],"predecessor-version":[{"id":13998,"href":"https:\/\/plus.agency\/da\/wp-json\/wp\/v2\/pages\/6397\/revisions\/13998"}],"up":[{"embeddable":true,"href":"https:\/\/plus.agency\/da\/wp-json\/wp\/v2\/pages\/5521"}],"wp:attachment":[{"href":"https:\/\/plus.agency\/da\/wp-json\/wp\/v2\/media?parent=6397"}],"curies":[{"name":"wp","href":"https:\/\/api.w.org\/{rel}","templated":true}]}}