{"id":6734,"date":"2022-09-11T16:55:53","date_gmt":"2022-09-11T14:55:53","guid":{"rendered":"https:\/\/plus.agency\/?page_id=6734"},"modified":"2023-01-26T12:39:57","modified_gmt":"2023-01-26T10:39:57","slug":"virksomheder-med-hoejt-engagerede-medarbejdere-er-mere-profitable","status":"publish","type":"page","link":"https:\/\/plus.agency\/da\/produkter\/mission-possible\/virksomheder-med-hoejt-engagerede-medarbejdere-er-mere-profitable\/","title":{"rendered":"Virksomheder med h\u00f8jt engagerede medarbejdere er mere profitable"},"content":{"rendered":"\t\t<div data-elementor-type=\"wp-page\" data-elementor-id=\"6734\" class=\"elementor elementor-6734\" data-elementor-post-type=\"page\">\n\t\t\t\t\t\t<section class=\"elementor-section elementor-top-section elementor-element elementor-element-daac72a elementor-section-boxed elementor-section-height-default elementor-section-height-default\" data-id=\"daac72a\" data-element_type=\"section\" data-settings=\"{&quot;background_background&quot;:&quot;classic&quot;}\">\n\t\t\t\t\t\t<div class=\"elementor-container elementor-column-gap-default\">\n\t\t\t\t\t<div class=\"elementor-column elementor-col-100 elementor-top-column elementor-element elementor-element-0cfaba2\" data-id=\"0cfaba2\" data-element_type=\"column\">\n\t\t\t<div class=\"elementor-widget-wrap elementor-element-populated\">\n\t\t\t\t\t\t<section class=\"elementor-section elementor-inner-section elementor-element elementor-element-1ba4db9 elementor-reverse-tablet elementor-reverse-mobile elementor-section-boxed elementor-section-height-default elementor-section-height-default\" data-id=\"1ba4db9\" data-element_type=\"section\">\n\t\t\t\t\t\t<div class=\"elementor-container elementor-column-gap-default\">\n\t\t\t\t\t<div class=\"elementor-column elementor-col-100 elementor-inner-column elementor-element elementor-element-fffdfbd\" data-id=\"fffdfbd\" data-element_type=\"column\" data-settings=\"{&quot;background_background&quot;:&quot;classic&quot;}\">\n\t\t\t<div class=\"elementor-widget-wrap elementor-element-populated\">\n\t\t\t\t\t\t<div class=\"elementor-element elementor-element-b5e012a elementor-hidden-tablet elementor-hidden-mobile elementor-widget elementor-widget-breadcrumbs\" data-id=\"b5e012a\" data-element_type=\"widget\" data-widget_type=\"breadcrumbs.default\">\n\t\t\t\t<div class=\"elementor-widget-container\">\n\t\t\t\t\t<p id=\"breadcrumbs\"><span><span><a href=\"https:\/\/plus.agency\/da\/?page_id=14767\">Home<\/a><\/span><\/span><\/p>\t\t\t\t<\/div>\n\t\t\t\t<\/div>\n\t\t\t\t\t<\/div>\n\t\t<\/div>\n\t\t\t\t\t<\/div>\n\t\t<\/section>\n\t\t\t\t<section class=\"elementor-section elementor-inner-section elementor-element elementor-element-e3940b5 elementor-section-boxed elementor-section-height-default elementor-section-height-default\" data-id=\"e3940b5\" data-element_type=\"section\">\n\t\t\t\t\t\t<div class=\"elementor-container elementor-column-gap-no\">\n\t\t\t\t\t<div class=\"elementor-column elementor-col-50 elementor-inner-column elementor-element elementor-element-47476e0\" data-id=\"47476e0\" data-element_type=\"column\" data-settings=\"{&quot;background_background&quot;:&quot;classic&quot;}\">\n\t\t\t<div class=\"elementor-widget-wrap elementor-element-populated\">\n\t\t\t\t\t\t<div class=\"elementor-element elementor-element-88f6f9b elementor-widget elementor-widget-image\" data-id=\"88f6f9b\" data-element_type=\"widget\" data-widget_type=\"image.default\">\n\t\t\t\t<div class=\"elementor-widget-container\">\n\t\t\t\t\t\t\t\t\t\t\t\t\t\t\t<img fetchpriority=\"high\" decoding=\"async\" width=\"601\" height=\"582\" src=\"https:\/\/plus.agency\/wp-content\/uploads\/2022\/09\/boosts.png\" class=\"attachment-full size-full wp-image-6401\" alt=\"\" srcset=\"https:\/\/plus.agency\/wp-content\/uploads\/2022\/09\/boosts.png 601w, https:\/\/plus.agency\/wp-content\/uploads\/2022\/09\/boosts-300x291.png 300w\" sizes=\"(max-width: 601px) 100vw, 601px\" \/>\t\t\t\t\t\t\t\t\t\t\t\t\t\t\t<\/div>\n\t\t\t\t<\/div>\n\t\t\t\t\t<\/div>\n\t\t<\/div>\n\t\t\t\t<div class=\"elementor-column elementor-col-50 elementor-inner-column elementor-element elementor-element-35ba88c\" data-id=\"35ba88c\" data-element_type=\"column\">\n\t\t\t<div class=\"elementor-widget-wrap elementor-element-populated\">\n\t\t\t\t\t\t<div class=\"elementor-element elementor-element-5442e70 elementor-widget elementor-widget-heading\" data-id=\"5442e70\" data-element_type=\"widget\" data-widget_type=\"heading.default\">\n\t\t\t\t<div class=\"elementor-widget-container\">\n\t\t\t\t\t<h2 class=\"elementor-heading-title elementor-size-default\">Virksomheder med h\u00f8jt engagerede medarbejdere er mere profitable<\/h2>\t\t\t\t<\/div>\n\t\t\t\t<\/div>\n\t\t\t\t<div class=\"elementor-element elementor-element-14663ce elementor-widget elementor-widget-text-editor\" data-id=\"14663ce\" data-element_type=\"widget\" data-widget_type=\"text-editor.default\">\n\t\t\t\t<div class=\"elementor-widget-container\">\n\t\t\t\t\t\t\t\t\t<p>Mission Possible kan tilpasses de fleste organisationer og kan spilles af alt fra 30 til 3.000 personer. Metoden sikrer, at den energi og de store ressourcer I investerer i kommunikation, f\u00e5r gennemslagskraft og \u00e6ndrer adf\u00e6rden i organisationen.<\/p><p>Dertil kommer v\u00e6rdifuld kollegial teambuilding og vidensdeling. Flid bel\u00f8nnes, som man siger. Ogs\u00e5 p\u00e5 bundlinjen.\u00a0<\/p><p>Spillet kan benyttes i flere forskellige sammenh\u00e6nge. Det kan v\u00e6re: Kickoff p\u00e5 den nye strategi. Organisations-\u00e6ndringer p\u00e5 godt og ondt. Fusioner. Et k\u00e6rligt l\u00f8ft af salgsstyrken. Eller n\u00e5r nye medarbejdere hurtigt skal p\u00e5 omgangsh\u00f8jde.<\/p><p>Der er utallige muligheder, som nemt kan tilpasses og g\u00f8re jeres mission mulig. B\u00e5de samlet eller p\u00e5 tv\u00e6rs af organisationen.<\/p>\t\t\t\t\t\t\t\t<\/div>\n\t\t\t\t<\/div>\n\t\t\t\t\t<\/div>\n\t\t<\/div>\n\t\t\t\t\t<\/div>\n\t\t<\/section>\n\t\t\t\t<section class=\"elementor-section elementor-inner-section elementor-element elementor-element-921468b elementor-section-boxed elementor-section-height-default elementor-section-height-default\" data-id=\"921468b\" data-element_type=\"section\">\n\t\t\t\t\t\t<div class=\"elementor-container elementor-column-gap-default\">\n\t\t\t\t\t<div class=\"elementor-column elementor-col-100 elementor-inner-column elementor-element elementor-element-8dcedd2\" data-id=\"8dcedd2\" data-element_type=\"column\">\n\t\t\t<div class=\"elementor-widget-wrap elementor-element-populated\">\n\t\t\t\t\t\t<div class=\"elementor-element elementor-element-40cc2eb elementor-align-center elementor-widget elementor-widget-button\" data-id=\"40cc2eb\" data-element_type=\"widget\" data-widget_type=\"button.default\">\n\t\t\t\t<div class=\"elementor-widget-container\">\n\t\t\t\t\t\t\t\t\t<div class=\"elementor-button-wrapper\">\n\t\t\t\t\t<a class=\"elementor-button elementor-button-link elementor-size-sm\" href=\"https:\/\/plus.agency\/produkter\/mission-possible\/challenges-in-change\/\">\n\t\t\t\t\t\t<span class=\"elementor-button-content-wrapper\">\n\t\t\t\t\t\t\t\t\t<span class=\"elementor-button-text\">N\u00e6ste<\/span>\n\t\t\t\t\t<\/span>\n\t\t\t\t\t<\/a>\n\t\t\t\t<\/div>\n\t\t\t\t\t\t\t\t<\/div>\n\t\t\t\t<\/div>\n\t\t\t\t\t<\/div>\n\t\t<\/div>\n\t\t\t\t\t<\/div>\n\t\t<\/section>\n\t\t\t\t\t<\/div>\n\t\t<\/div>\n\t\t\t\t\t<\/div>\n\t\t<\/section>\n\t\t\t\t<section class=\"elementor-section elementor-top-section elementor-element elementor-element-d991471 elementor-section-boxed elementor-section-height-default elementor-section-height-default\" data-id=\"d991471\" data-element_type=\"section\" data-settings=\"{&quot;background_background&quot;:&quot;classic&quot;}\">\n\t\t\t\t\t\t<div class=\"elementor-container elementor-column-gap-default\">\n\t\t\t\t\t<div class=\"elementor-column elementor-col-100 elementor-top-column elementor-element elementor-element-a4953a4\" data-id=\"a4953a4\" data-element_type=\"column\">\n\t\t\t<div class=\"elementor-widget-wrap elementor-element-populated\">\n\t\t\t\t\t\t<section class=\"elementor-section elementor-inner-section elementor-element elementor-element-4f4f666 elementor-section-boxed elementor-section-height-default elementor-section-height-default\" data-id=\"4f4f666\" data-element_type=\"section\" data-settings=\"{&quot;background_background&quot;:&quot;classic&quot;}\">\n\t\t\t\t\t\t<div class=\"elementor-container elementor-column-gap-default\">\n\t\t\t\t\t<div class=\"elementor-column elementor-col-50 elementor-inner-column elementor-element elementor-element-9ff3bce\" data-id=\"9ff3bce\" data-element_type=\"column\">\n\t\t\t<div class=\"elementor-widget-wrap elementor-element-populated\">\n\t\t\t\t\t\t<div class=\"elementor-element elementor-element-9994089 elementor-widget elementor-widget-heading\" data-id=\"9994089\" data-element_type=\"widget\" data-widget_type=\"heading.default\">\n\t\t\t\t<div class=\"elementor-widget-container\">\n\t\t\t\t\t<h2 class=\"elementor-heading-title elementor-size-default\">G\u00f8r jeres mission mulig og styrk sammenh\u00e6ngskraften! <\/h2>\t\t\t\t<\/div>\n\t\t\t\t<\/div>\n\t\t\t\t\t<\/div>\n\t\t<\/div>\n\t\t\t\t<div class=\"elementor-column elementor-col-50 elementor-inner-column elementor-element elementor-element-665682c\" data-id=\"665682c\" data-element_type=\"column\">\n\t\t\t<div class=\"elementor-widget-wrap elementor-element-populated\">\n\t\t\t\t\t\t<div class=\"elementor-element elementor-element-b950008 elementor-align-right elementor-tablet-align-center elementor-invisible elementor-widget elementor-widget-button\" data-id=\"b950008\" data-element_type=\"widget\" data-settings=\"{&quot;_animation&quot;:&quot;fadeInUp&quot;}\" data-widget_type=\"button.default\">\n\t\t\t\t<div class=\"elementor-widget-container\">\n\t\t\t\t\t\t\t\t\t<div class=\"elementor-button-wrapper\">\n\t\t\t\t\t<a class=\"elementor-button elementor-button-link elementor-size-xl elementor-animation-grow\" href=\"https:\/\/plus.agency\/kontakt\/\">\n\t\t\t\t\t\t<span class=\"elementor-button-content-wrapper\">\n\t\t\t\t\t\t\t\t\t<span class=\"elementor-button-text\">kontakt Os<\/span>\n\t\t\t\t\t<\/span>\n\t\t\t\t\t<\/a>\n\t\t\t\t<\/div>\n\t\t\t\t\t\t\t\t<\/div>\n\t\t\t\t<\/div>\n\t\t\t\t\t<\/div>\n\t\t<\/div>\n\t\t\t\t\t<\/div>\n\t\t<\/section>\n\t\t\t\t\t<\/div>\n\t\t<\/div>\n\t\t\t\t\t<\/div>\n\t\t<\/section>\n\t\t\t\t<\/div>\n\t\t","protected":false},"excerpt":{"rendered":"<p>Virksomheder med h\u00f8jt engagerede medarbejdere er mere profitable Mission Possible kan tilpasses de fleste organisationer og kan spilles af alt fra 30 til 3.000 personer. Metoden sikrer, at den energi og de store ressourcer I investerer i kommunikation, f\u00e5r gennemslagskraft og \u00e6ndrer adf\u00e6rden i organisationen. Dertil kommer v\u00e6rdifuld kollegial teambuilding og vidensdeling. Flid bel\u00f8nnes, som [&hellip;]<\/p>\n","protected":false},"author":13,"featured_media":0,"parent":5521,"menu_order":0,"comment_status":"closed","ping_status":"closed","template":"elementor_header_footer","meta":{"inline_featured_image":false,"footnotes":""},"class_list":["post-6734","page","type-page","status-publish","hentry"],"yoast_head":"<!-- This site is optimized with the Yoast SEO plugin v26.0 - https:\/\/yoast.com\/wordpress\/plugins\/seo\/ -->\n<title>Virksomheder med h\u00f8jt engagerede medarbejdere er mere profitable &#8211; Plus Agency<\/title>\n<meta name=\"robots\" content=\"index, follow, max-snippet:-1, max-image-preview:large, max-video-preview:-1\" \/>\n<link rel=\"canonical\" href=\"https:\/\/plus.agency\/da\/produkter\/mission-possible\/virksomheder-med-hoejt-engagerede-medarbejdere-er-mere-profitable\/\" \/>\n<meta property=\"og:locale\" content=\"da_DK\" \/>\n<meta property=\"og:type\" content=\"article\" \/>\n<meta property=\"og:title\" content=\"Virksomheder med h\u00f8jt engagerede medarbejdere er mere profitable &#8211; Plus Agency\" \/>\n<meta property=\"og:description\" content=\"Virksomheder med h\u00f8jt engagerede medarbejdere er mere profitable Mission Possible kan tilpasses de fleste organisationer og kan spilles af alt fra 30 til 3.000 personer. Metoden sikrer, at den energi og de store ressourcer I investerer i kommunikation, f\u00e5r gennemslagskraft og \u00e6ndrer adf\u00e6rden i organisationen. Dertil kommer v\u00e6rdifuld kollegial teambuilding og vidensdeling. Flid bel\u00f8nnes, som [&hellip;]\" \/>\n<meta property=\"og:url\" content=\"https:\/\/plus.agency\/da\/produkter\/mission-possible\/virksomheder-med-hoejt-engagerede-medarbejdere-er-mere-profitable\/\" \/>\n<meta property=\"og:site_name\" content=\"Plus Agency\" \/>\n<meta property=\"article:modified_time\" content=\"2023-01-26T10:39:57+00:00\" \/>\n<meta property=\"og:image\" content=\"https:\/\/plus.agency\/wp-content\/uploads\/2022\/09\/boosts.png\" \/>\n<meta name=\"twitter:card\" content=\"summary_large_image\" \/>\n<meta name=\"twitter:label1\" content=\"Estimeret l\u00e6setid\" \/>\n\t<meta name=\"twitter:data1\" content=\"1 minut\" \/>\n<script type=\"application\/ld+json\" class=\"yoast-schema-graph\">{\"@context\":\"https:\/\/schema.org\",\"@graph\":[{\"@type\":\"WebPage\",\"@id\":\"https:\/\/plus.agency\/da\/produkter\/mission-possible\/virksomheder-med-hoejt-engagerede-medarbejdere-er-mere-profitable\/\",\"url\":\"https:\/\/plus.agency\/da\/produkter\/mission-possible\/virksomheder-med-hoejt-engagerede-medarbejdere-er-mere-profitable\/\",\"name\":\"Virksomheder med h\u00f8jt engagerede medarbejdere er mere profitable &#8211; Plus Agency\",\"isPartOf\":{\"@id\":\"https:\/\/plus.agency\/da\/#website\"},\"primaryImageOfPage\":{\"@id\":\"https:\/\/plus.agency\/da\/produkter\/mission-possible\/virksomheder-med-hoejt-engagerede-medarbejdere-er-mere-profitable\/#primaryimage\"},\"image\":{\"@id\":\"https:\/\/plus.agency\/da\/produkter\/mission-possible\/virksomheder-med-hoejt-engagerede-medarbejdere-er-mere-profitable\/#primaryimage\"},\"thumbnailUrl\":\"https:\/\/plus.agency\/wp-content\/uploads\/2022\/09\/boosts.png\",\"datePublished\":\"2022-09-11T14:55:53+00:00\",\"dateModified\":\"2023-01-26T10:39:57+00:00\",\"breadcrumb\":{\"@id\":\"https:\/\/plus.agency\/da\/produkter\/mission-possible\/virksomheder-med-hoejt-engagerede-medarbejdere-er-mere-profitable\/#breadcrumb\"},\"inLanguage\":\"da-DK\",\"potentialAction\":[{\"@type\":\"ReadAction\",\"target\":[\"https:\/\/plus.agency\/da\/produkter\/mission-possible\/virksomheder-med-hoejt-engagerede-medarbejdere-er-mere-profitable\/\"]}]},{\"@type\":\"ImageObject\",\"inLanguage\":\"da-DK\",\"@id\":\"https:\/\/plus.agency\/da\/produkter\/mission-possible\/virksomheder-med-hoejt-engagerede-medarbejdere-er-mere-profitable\/#primaryimage\",\"url\":\"https:\/\/plus.agency\/wp-content\/uploads\/2022\/09\/boosts.png\",\"contentUrl\":\"https:\/\/plus.agency\/wp-content\/uploads\/2022\/09\/boosts.png\"},{\"@type\":\"BreadcrumbList\",\"@id\":\"https:\/\/plus.agency\/da\/produkter\/mission-possible\/virksomheder-med-hoejt-engagerede-medarbejdere-er-mere-profitable\/#breadcrumb\",\"itemListElement\":[{\"@type\":\"ListItem\",\"position\":1,\"name\":\"Home\",\"item\":\"https:\/\/plus.agency\/da\/?page_id=14767\"},{\"@type\":\"ListItem\",\"position\":2,\"name\":\"Produkter\",\"item\":\"https:\/\/plus.agency\/da\/produkter\/\"},{\"@type\":\"ListItem\",\"position\":3,\"name\":\"Mission Possible\",\"item\":\"https:\/\/plus.agency\/da\/produkter\/mission-possible\/\"},{\"@type\":\"ListItem\",\"position\":4,\"name\":\"Virksomheder med h\u00f8jt engagerede medarbejdere er mere profitable\"}]},{\"@type\":\"WebSite\",\"@id\":\"https:\/\/plus.agency\/da\/#website\",\"url\":\"https:\/\/plus.agency\/da\/\",\"name\":\"Plus Agency\",\"description\":\"Plus Agency\",\"publisher\":{\"@id\":\"https:\/\/plus.agency\/da\/#organization\"},\"potentialAction\":[{\"@type\":\"SearchAction\",\"target\":{\"@type\":\"EntryPoint\",\"urlTemplate\":\"https:\/\/plus.agency\/da\/?s={search_term_string}\"},\"query-input\":{\"@type\":\"PropertyValueSpecification\",\"valueRequired\":true,\"valueName\":\"search_term_string\"}}],\"inLanguage\":\"da-DK\"},{\"@type\":\"Organization\",\"@id\":\"https:\/\/plus.agency\/da\/#organization\",\"name\":\"Plus Agency\",\"url\":\"https:\/\/plus.agency\/da\/\",\"logo\":{\"@type\":\"ImageObject\",\"inLanguage\":\"da-DK\",\"@id\":\"https:\/\/plus.agency\/da\/#\/schema\/logo\/image\/\",\"url\":\"https:\/\/plus.agency\/wp-content\/uploads\/2021\/10\/cropped-plus-agency-logo.png\",\"contentUrl\":\"https:\/\/plus.agency\/wp-content\/uploads\/2021\/10\/cropped-plus-agency-logo.png\",\"width\":525,\"height\":319,\"caption\":\"Plus Agency\"},\"image\":{\"@id\":\"https:\/\/plus.agency\/da\/#\/schema\/logo\/image\/\"}}]}<\/script>\n<!-- \/ Yoast SEO plugin. -->","yoast_head_json":{"title":"Virksomheder med h\u00f8jt engagerede medarbejdere er mere profitable &#8211; Plus Agency","robots":{"index":"index","follow":"follow","max-snippet":"max-snippet:-1","max-image-preview":"max-image-preview:large","max-video-preview":"max-video-preview:-1"},"canonical":"https:\/\/plus.agency\/da\/produkter\/mission-possible\/virksomheder-med-hoejt-engagerede-medarbejdere-er-mere-profitable\/","og_locale":"da_DK","og_type":"article","og_title":"Virksomheder med h\u00f8jt engagerede medarbejdere er mere profitable &#8211; Plus Agency","og_description":"Virksomheder med h\u00f8jt engagerede medarbejdere er mere profitable Mission Possible kan tilpasses de fleste organisationer og kan spilles af alt fra 30 til 3.000 personer. Metoden sikrer, at den energi og de store ressourcer I investerer i kommunikation, f\u00e5r gennemslagskraft og \u00e6ndrer adf\u00e6rden i organisationen. Dertil kommer v\u00e6rdifuld kollegial teambuilding og vidensdeling. Flid bel\u00f8nnes, som [&hellip;]","og_url":"https:\/\/plus.agency\/da\/produkter\/mission-possible\/virksomheder-med-hoejt-engagerede-medarbejdere-er-mere-profitable\/","og_site_name":"Plus Agency","article_modified_time":"2023-01-26T10:39:57+00:00","og_image":[{"url":"https:\/\/plus.agency\/wp-content\/uploads\/2022\/09\/boosts.png","type":"","width":"","height":""}],"twitter_card":"summary_large_image","twitter_misc":{"Estimeret l\u00e6setid":"1 minut"},"schema":{"@context":"https:\/\/schema.org","@graph":[{"@type":"WebPage","@id":"https:\/\/plus.agency\/da\/produkter\/mission-possible\/virksomheder-med-hoejt-engagerede-medarbejdere-er-mere-profitable\/","url":"https:\/\/plus.agency\/da\/produkter\/mission-possible\/virksomheder-med-hoejt-engagerede-medarbejdere-er-mere-profitable\/","name":"Virksomheder med h\u00f8jt engagerede medarbejdere er mere profitable &#8211; Plus Agency","isPartOf":{"@id":"https:\/\/plus.agency\/da\/#website"},"primaryImageOfPage":{"@id":"https:\/\/plus.agency\/da\/produkter\/mission-possible\/virksomheder-med-hoejt-engagerede-medarbejdere-er-mere-profitable\/#primaryimage"},"image":{"@id":"https:\/\/plus.agency\/da\/produkter\/mission-possible\/virksomheder-med-hoejt-engagerede-medarbejdere-er-mere-profitable\/#primaryimage"},"thumbnailUrl":"https:\/\/plus.agency\/wp-content\/uploads\/2022\/09\/boosts.png","datePublished":"2022-09-11T14:55:53+00:00","dateModified":"2023-01-26T10:39:57+00:00","breadcrumb":{"@id":"https:\/\/plus.agency\/da\/produkter\/mission-possible\/virksomheder-med-hoejt-engagerede-medarbejdere-er-mere-profitable\/#breadcrumb"},"inLanguage":"da-DK","potentialAction":[{"@type":"ReadAction","target":["https:\/\/plus.agency\/da\/produkter\/mission-possible\/virksomheder-med-hoejt-engagerede-medarbejdere-er-mere-profitable\/"]}]},{"@type":"ImageObject","inLanguage":"da-DK","@id":"https:\/\/plus.agency\/da\/produkter\/mission-possible\/virksomheder-med-hoejt-engagerede-medarbejdere-er-mere-profitable\/#primaryimage","url":"https:\/\/plus.agency\/wp-content\/uploads\/2022\/09\/boosts.png","contentUrl":"https:\/\/plus.agency\/wp-content\/uploads\/2022\/09\/boosts.png"},{"@type":"BreadcrumbList","@id":"https:\/\/plus.agency\/da\/produkter\/mission-possible\/virksomheder-med-hoejt-engagerede-medarbejdere-er-mere-profitable\/#breadcrumb","itemListElement":[{"@type":"ListItem","position":1,"name":"Home","item":"https:\/\/plus.agency\/da\/?page_id=14767"},{"@type":"ListItem","position":2,"name":"Produkter","item":"https:\/\/plus.agency\/da\/produkter\/"},{"@type":"ListItem","position":3,"name":"Mission Possible","item":"https:\/\/plus.agency\/da\/produkter\/mission-possible\/"},{"@type":"ListItem","position":4,"name":"Virksomheder med h\u00f8jt engagerede medarbejdere er mere profitable"}]},{"@type":"WebSite","@id":"https:\/\/plus.agency\/da\/#website","url":"https:\/\/plus.agency\/da\/","name":"Plus Agency","description":"Plus Agency","publisher":{"@id":"https:\/\/plus.agency\/da\/#organization"},"potentialAction":[{"@type":"SearchAction","target":{"@type":"EntryPoint","urlTemplate":"https:\/\/plus.agency\/da\/?s={search_term_string}"},"query-input":{"@type":"PropertyValueSpecification","valueRequired":true,"valueName":"search_term_string"}}],"inLanguage":"da-DK"},{"@type":"Organization","@id":"https:\/\/plus.agency\/da\/#organization","name":"Plus Agency","url":"https:\/\/plus.agency\/da\/","logo":{"@type":"ImageObject","inLanguage":"da-DK","@id":"https:\/\/plus.agency\/da\/#\/schema\/logo\/image\/","url":"https:\/\/plus.agency\/wp-content\/uploads\/2021\/10\/cropped-plus-agency-logo.png","contentUrl":"https:\/\/plus.agency\/wp-content\/uploads\/2021\/10\/cropped-plus-agency-logo.png","width":525,"height":319,"caption":"Plus Agency"},"image":{"@id":"https:\/\/plus.agency\/da\/#\/schema\/logo\/image\/"}}]}},"_links":{"self":[{"href":"https:\/\/plus.agency\/da\/wp-json\/wp\/v2\/pages\/6734","targetHints":{"allow":["GET"]}}],"collection":[{"href":"https:\/\/plus.agency\/da\/wp-json\/wp\/v2\/pages"}],"about":[{"href":"https:\/\/plus.agency\/da\/wp-json\/wp\/v2\/types\/page"}],"author":[{"embeddable":true,"href":"https:\/\/plus.agency\/da\/wp-json\/wp\/v2\/users\/13"}],"replies":[{"embeddable":true,"href":"https:\/\/plus.agency\/da\/wp-json\/wp\/v2\/comments?post=6734"}],"version-history":[{"count":70,"href":"https:\/\/plus.agency\/da\/wp-json\/wp\/v2\/pages\/6734\/revisions"}],"predecessor-version":[{"id":14014,"href":"https:\/\/plus.agency\/da\/wp-json\/wp\/v2\/pages\/6734\/revisions\/14014"}],"up":[{"embeddable":true,"href":"https:\/\/plus.agency\/da\/wp-json\/wp\/v2\/pages\/5521"}],"wp:attachment":[{"href":"https:\/\/plus.agency\/da\/wp-json\/wp\/v2\/media?parent=6734"}],"curies":[{"name":"wp","href":"https:\/\/api.w.org\/{rel}","templated":true}]}}