{"id":7488,"date":"2022-09-13T09:59:08","date_gmt":"2022-09-13T07:59:08","guid":{"rendered":"https:\/\/plus.agency\/a-great-hook-new\/"},"modified":"2025-01-13T11:28:25","modified_gmt":"2025-01-13T09:28:25","slug":"anslag","status":"publish","type":"page","link":"https:\/\/plus.agency\/da\/produkter\/anslag\/","title":{"rendered":"Anslag"},"content":{"rendered":"\t\t<div data-elementor-type=\"wp-page\" data-elementor-id=\"7488\" class=\"elementor elementor-7488\" data-elementor-post-type=\"page\">\n\t\t\t\t\t\t<section class=\"elementor-section elementor-top-section elementor-element elementor-element-81c6ad8 elementor-section-full_width elementor-section-height-default elementor-section-height-default\" data-id=\"81c6ad8\" data-element_type=\"section\">\n\t\t\t\t\t\t<div class=\"elementor-container elementor-column-gap-default\">\n\t\t\t\t\t<div class=\"elementor-column elementor-col-100 elementor-top-column elementor-element elementor-element-28b9a0e\" data-id=\"28b9a0e\" data-element_type=\"column\">\n\t\t\t<div class=\"elementor-widget-wrap elementor-element-populated\">\n\t\t\t\t\t\t<div class=\"elementor-element elementor-element-e0d1269 elementor-widget elementor-widget-image\" data-id=\"e0d1269\" data-element_type=\"widget\" data-widget_type=\"image.default\">\n\t\t\t\t<div class=\"elementor-widget-container\">\n\t\t\t\t\t\t\t\t\t\t\t\t<figure class=\"wp-caption\">\n\t\t\t\t\t\t\t\t\t\t<img decoding=\"async\" src=\"https:\/\/plus.agency\/wp-content\/uploads\/2021\/10\/8e0dfe_1efd9af47c91480290ef5152396d17e0_mv2.webp\" title=\"\" alt=\"\" loading=\"lazy\" \/>\t\t\t\t\t\t\t\t\t\t\t<figcaption class=\"widget-image-caption wp-caption-text\"><\/figcaption>\n\t\t\t\t\t\t\t\t\t\t<\/figure>\n\t\t\t\t\t\t\t\t\t<\/div>\n\t\t\t\t<\/div>\n\t\t\t\t\t<\/div>\n\t\t<\/div>\n\t\t\t\t\t<\/div>\n\t\t<\/section>\n\t\t\t\t<section class=\"elementor-section elementor-top-section elementor-element elementor-element-aa5e510 elementor-section-boxed elementor-section-height-default elementor-section-height-default\" data-id=\"aa5e510\" data-element_type=\"section\" data-settings=\"{&quot;background_background&quot;:&quot;classic&quot;}\">\n\t\t\t\t\t\t<div class=\"elementor-container elementor-column-gap-default\">\n\t\t\t\t\t<div class=\"elementor-column elementor-col-100 elementor-top-column elementor-element elementor-element-f5b3e32\" data-id=\"f5b3e32\" data-element_type=\"column\">\n\t\t\t<div class=\"elementor-widget-wrap elementor-element-populated\">\n\t\t\t\t\t\t<div class=\"elementor-element elementor-element-c1c3793 elementor-widget elementor-widget-heading\" data-id=\"c1c3793\" data-element_type=\"widget\" data-widget_type=\"heading.default\">\n\t\t\t\t<div class=\"elementor-widget-container\">\n\t\t\t\t\t<h1 class=\"elementor-heading-title elementor-size-default\">Anslag: Den vigtige konferencestart<\/h1>\t\t\t\t<\/div>\n\t\t\t\t<\/div>\n\t\t\t\t<section class=\"elementor-section elementor-inner-section elementor-element elementor-element-25e92e2 elementor-reverse-tablet elementor-reverse-mobile elementor-section-boxed elementor-section-height-default elementor-section-height-default\" data-id=\"25e92e2\" data-element_type=\"section\">\n\t\t\t\t\t\t<div class=\"elementor-container elementor-column-gap-default\">\n\t\t\t\t\t<div class=\"elementor-column elementor-col-100 elementor-inner-column elementor-element elementor-element-94cb4ae\" data-id=\"94cb4ae\" data-element_type=\"column\">\n\t\t\t<div class=\"elementor-widget-wrap elementor-element-populated\">\n\t\t\t\t\t\t<div class=\"elementor-element elementor-element-1398094 elementor-cta--layout-image-left elementor-cta--mobile-layout-image-above elementor-cta--tablet-layout-image-above elementor-cta--skin-classic elementor-animated-content elementor-widget elementor-widget-call-to-action\" data-id=\"1398094\" data-element_type=\"widget\" data-widget_type=\"call-to-action.default\">\n\t\t\t\t<div class=\"elementor-widget-container\">\n\t\t\t\t\t\t\t<div class=\"elementor-cta\">\n\t\t\t\t\t<div class=\"elementor-cta__bg-wrapper\">\n\t\t\t\t<div class=\"elementor-cta__bg elementor-bg\" style=\"background-image: url(https:\/\/plus.agency\/wp-content\/uploads\/2021\/10\/VCG_7.webp);\" role=\"img\" aria-label=\"The Fake SpeakerThe Fake SpeakerThe Fake SpeakerThe Fake Speaker\"><\/div>\n\t\t\t\t<div class=\"elementor-cta__bg-overlay\"><\/div>\n\t\t\t<\/div>\n\t\t\t\t\t\t\t<div class=\"elementor-cta__content\">\n\t\t\t\t\n\t\t\t\t\t\t\t\t\t<h2 class=\"elementor-cta__title elementor-cta__content-item elementor-content-item\">\n\t\t\t\t\t\tHvorfor er anslag vigtige?\t\t\t\t\t<\/h2>\n\t\t\t\t\n\t\t\t\t\t\t\t\t\t<div class=\"elementor-cta__description elementor-cta__content-item elementor-content-item\">\n\t\t\t\t\t\t<p>De f\u00f8rste linjer i en bog. De f\u00f8rste toner af et stykke musik. Den f\u00f8rste scene i en film. Det er her scenen s\u00e6ttes, forventningerne opst\u00e5r og publikums opm\u00e6rksomhed fanges.<\/p>\n<p>Bliver det s\u00f8rgeligt, sjovt eller uhyggeligt? Og hvad mon der S\u00c5 sker?\n<\/p>\n<p>I dramaturgien kaldes det et anslag.\n<\/p>\n<p>P\u00e5 samme m\u00e5de er \u00e5bningsakten p\u00e5 en konference vigtig: Det er her, hvor deltagerne danner deres f\u00f8rste mening om, hvorvidt det bliver en dag, hvor de skal v\u00e6re p\u00e5 t\u00e6erne \u2013 eller om det bliver en dag, hvor de kan checke mails p\u00e5 telefonen og tage en mental morfar.\n<\/p>\t\t\t\t\t<\/div>\n\t\t\t\t\n\t\t\t\t\t\t\t<\/div>\n\t\t\t\t\t\t<\/div>\n\t\t\t\t\t\t<\/div>\n\t\t\t\t<\/div>\n\t\t\t\t\t<\/div>\n\t\t<\/div>\n\t\t\t\t\t<\/div>\n\t\t<\/section>\n\t\t\t\t<section class=\"elementor-section elementor-inner-section elementor-element elementor-element-454c998 elementor-reverse-tablet elementor-reverse-mobile elementor-section-boxed elementor-section-height-default elementor-section-height-default\" data-id=\"454c998\" data-element_type=\"section\">\n\t\t\t\t\t\t<div class=\"elementor-container elementor-column-gap-default\">\n\t\t\t\t\t<div class=\"elementor-column elementor-col-100 elementor-inner-column elementor-element elementor-element-0422aaa\" data-id=\"0422aaa\" data-element_type=\"column\">\n\t\t\t<div class=\"elementor-widget-wrap elementor-element-populated\">\n\t\t\t\t\t\t<div class=\"elementor-element elementor-element-93b4eba elementor-cta--layout-image-right elementor-cta--mobile-layout-image-above elementor-cta--tablet-layout-image-above elementor-cta--skin-classic elementor-animated-content elementor-widget elementor-widget-call-to-action\" data-id=\"93b4eba\" data-element_type=\"widget\" data-widget_type=\"call-to-action.default\">\n\t\t\t\t<div class=\"elementor-widget-container\">\n\t\t\t\t\t\t\t<div class=\"elementor-cta\">\n\t\t\t\t\t<div class=\"elementor-cta__bg-wrapper\">\n\t\t\t\t<div class=\"elementor-cta__bg elementor-bg\" style=\"background-image: url(https:\/\/plus.agency\/wp-content\/uploads\/2022\/09\/Trio_Spectacular-opening.jpg);\" role=\"img\" aria-label=\"Trio_Spectacular opening\"><\/div>\n\t\t\t\t<div class=\"elementor-cta__bg-overlay\"><\/div>\n\t\t\t<\/div>\n\t\t\t\t\t\t\t<div class=\"elementor-cta__content\">\n\t\t\t\t\n\t\t\t\t\t\t\t\t\t<h2 class=\"elementor-cta__title elementor-cta__content-item elementor-content-item\">\n\t\t\t\t\t\tSkab den konferencekultur, du \u00f8nsker\t\t\t\t\t<\/h2>\n\t\t\t\t\n\t\t\t\t\t\t\t\t\t<div class=\"elementor-cta__description elementor-cta__content-item elementor-content-item\">\n\t\t\t\t\t\t<p>Det er ogs\u00e5 i konferencens indledning, at der skabes en kontrakt mellem arrang\u00f8rerne og deltagerne omkring, hvilken konferencekultur vi skal have sammen i dag.\n<\/p>\n<p>Hvis det for eksempel er intentionen at skabe en engagerende konference, hvor deltagerne skal v\u00e6re aktive og interagere med hinanden, s\u00e5 er det ikke den mest optimale id\u00e9 at starte konferencen med 3 lange opl\u00e6g og indledende kn\u00e6b\u00f8jninger fra ministre, chefer, arrang\u00f8rer mm.<\/p>\n<p>1,5 time senere vil deltagerne v\u00e6re umulige at f\u00e5 op af stolen, fordi de allerede har l\u00e6rt, at \u201dher sidder vi kun ned og lytter\u201d.\n<\/p>\n<p>I den modsatte ende af skalaen nytter det heller ikke noget at s\u00e6tte scenen med et cirkusnummer, som ingen relevans har for dagens emne. Bare fordi noget er anderledes og energisk, er det ikke godt. Det vil snarere blive opfattet som en gang konferencelir uden substans.\n<\/p>\n\n\t\t\t\t\t<\/div>\n\t\t\t\t\n\t\t\t\t\t\t\t<\/div>\n\t\t\t\t\t\t<\/div>\n\t\t\t\t\t\t<\/div>\n\t\t\t\t<\/div>\n\t\t\t\t\t<\/div>\n\t\t<\/div>\n\t\t\t\t\t<\/div>\n\t\t<\/section>\n\t\t\t\t<section class=\"elementor-section elementor-inner-section elementor-element elementor-element-3ac1455 elementor-reverse-tablet elementor-reverse-mobile elementor-section-boxed elementor-section-height-default elementor-section-height-default\" data-id=\"3ac1455\" data-element_type=\"section\">\n\t\t\t\t\t\t<div class=\"elementor-container elementor-column-gap-default\">\n\t\t\t\t\t<div class=\"elementor-column elementor-col-100 elementor-inner-column elementor-element elementor-element-700b37b\" data-id=\"700b37b\" data-element_type=\"column\">\n\t\t\t<div class=\"elementor-widget-wrap elementor-element-populated\">\n\t\t\t\t\t\t<div class=\"elementor-element elementor-element-f042d77 elementor-cta--layout-image-left elementor-cta--mobile-layout-image-above elementor-cta--tablet-layout-image-above elementor-cta--skin-classic elementor-animated-content elementor-widget elementor-widget-call-to-action\" data-id=\"f042d77\" data-element_type=\"widget\" data-widget_type=\"call-to-action.default\">\n\t\t\t\t<div class=\"elementor-widget-container\">\n\t\t\t\t\t\t\t<div class=\"elementor-cta\">\n\t\t\t\t\t<div class=\"elementor-cta__bg-wrapper\">\n\t\t\t\t<div class=\"elementor-cta__bg elementor-bg\" style=\"background-image: url(https:\/\/plus.agency\/wp-content\/uploads\/2021\/10\/Screenshot-anslag-e1633675864381.webp);\" role=\"img\" aria-label=\"\"><\/div>\n\t\t\t\t<div class=\"elementor-cta__bg-overlay\"><\/div>\n\t\t\t<\/div>\n\t\t\t\t\t\t\t<div class=\"elementor-cta__content\">\n\t\t\t\t\n\t\t\t\t\t\t\t\t\t<h2 class=\"elementor-cta__title elementor-cta__content-item elementor-content-item\">\n\t\t\t\t\t\tDefinitionen p\u00e5 et godt anslag\t\t\t\t\t<\/h2>\n\t\t\t\t\n\t\t\t\t\t\t\t\t\t<div class=\"elementor-cta__description elementor-cta__content-item elementor-content-item\">\n\t\t\t\t\t\t<p>En god konferencestart er som en bouillonterning, hvor dagens emne bliver pr\u00e6senteret kort, skarpt og vedkommende.\n<\/p>\n<p>Et rigtigt godt anslag aer folk p\u00e5 ryggen, s\u00e5 de f\u00f8ler sig h\u00f8rt, set og forst\u00e5et \u2013 og giver dem en lille lussing, s\u00e5 de v\u00e5gner af d\u00f8sen!\n<\/p>\n<p>Vi har lavet mange typer af anslag gennem tiden, og hj\u00e6lper ogs\u00e5 gerne dig med at f\u00e5 skudt din konference godt i gang.\n<\/p>\n\n\n\t\t\t\t\t<\/div>\n\t\t\t\t\n\t\t\t\t\t\t\t<\/div>\n\t\t\t\t\t\t<\/div>\n\t\t\t\t\t\t<\/div>\n\t\t\t\t<\/div>\n\t\t\t\t\t<\/div>\n\t\t<\/div>\n\t\t\t\t\t<\/div>\n\t\t<\/section>\n\t\t\t\t\t<\/div>\n\t\t<\/div>\n\t\t\t\t\t<\/div>\n\t\t<\/section>\n\t\t\t\t<section class=\"elementor-section elementor-top-section elementor-element elementor-element-a4e0fa0 elementor-section-content-middle elementor-section-boxed elementor-section-height-default elementor-section-height-default\" data-id=\"a4e0fa0\" data-element_type=\"section\" data-settings=\"{&quot;background_background&quot;:&quot;classic&quot;}\">\n\t\t\t\t\t\t<div class=\"elementor-container elementor-column-gap-no\">\n\t\t\t\t\t<div class=\"elementor-column elementor-col-100 elementor-top-column elementor-element elementor-element-3f3e266\" data-id=\"3f3e266\" data-element_type=\"column\">\n\t\t\t<div class=\"elementor-widget-wrap elementor-element-populated\">\n\t\t\t\t\t\t<section class=\"elementor-section elementor-inner-section elementor-element elementor-element-daf98a8 elementor-section-boxed elementor-section-height-default elementor-section-height-default\" data-id=\"daf98a8\" data-element_type=\"section\" data-settings=\"{&quot;background_background&quot;:&quot;classic&quot;}\">\n\t\t\t\t\t\t<div class=\"elementor-container elementor-column-gap-default\">\n\t\t\t\t\t<div class=\"elementor-column elementor-col-50 elementor-inner-column elementor-element elementor-element-b693e2a\" data-id=\"b693e2a\" data-element_type=\"column\">\n\t\t\t<div class=\"elementor-widget-wrap elementor-element-populated\">\n\t\t\t\t\t\t<div class=\"elementor-element elementor-element-1cbe8ae elementor-widget elementor-widget-heading\" data-id=\"1cbe8ae\" data-element_type=\"widget\" data-widget_type=\"heading.default\">\n\t\t\t\t<div class=\"elementor-widget-container\">\n\t\t\t\t\t<h4 class=\"elementor-heading-title elementor-size-default\">Vil du ogs\u00e5 gerne have mere deltagerinvolvering p\u00e5 din n\u00e6ste konference?<\/h4>\t\t\t\t<\/div>\n\t\t\t\t<\/div>\n\t\t\t\t\t<\/div>\n\t\t<\/div>\n\t\t\t\t<div class=\"elementor-column elementor-col-50 elementor-inner-column elementor-element elementor-element-586211e\" data-id=\"586211e\" data-element_type=\"column\">\n\t\t\t<div class=\"elementor-widget-wrap elementor-element-populated\">\n\t\t\t\t\t\t<div class=\"elementor-element elementor-element-7da09c7 elementor-align-right elementor-tablet-align-center elementor-invisible elementor-widget elementor-widget-button\" data-id=\"7da09c7\" data-element_type=\"widget\" data-settings=\"{&quot;_animation&quot;:&quot;fadeInUp&quot;}\" data-widget_type=\"button.default\">\n\t\t\t\t<div class=\"elementor-widget-container\">\n\t\t\t\t\t\t\t\t\t<div class=\"elementor-button-wrapper\">\n\t\t\t\t\t<a class=\"elementor-button elementor-button-link elementor-size-xl elementor-animation-grow\" href=\"https:\/\/plus.agency\/kontakt\/\">\n\t\t\t\t\t\t<span class=\"elementor-button-content-wrapper\">\n\t\t\t\t\t\t\t\t\t<span class=\"elementor-button-text\">Kontakt os<\/span>\n\t\t\t\t\t<\/span>\n\t\t\t\t\t<\/a>\n\t\t\t\t<\/div>\n\t\t\t\t\t\t\t\t<\/div>\n\t\t\t\t<\/div>\n\t\t\t\t\t<\/div>\n\t\t<\/div>\n\t\t\t\t\t<\/div>\n\t\t<\/section>\n\t\t\t\t\t<\/div>\n\t\t<\/div>\n\t\t\t\t\t<\/div>\n\t\t<\/section>\n\t\t\t\t<\/div>\n\t\t","protected":false},"excerpt":{"rendered":"<p>Anslag: Den vigtige konferencestart Hvorfor er anslag vigtige? De f\u00f8rste linjer i en bog. De f\u00f8rste toner af et stykke musik. Den f\u00f8rste scene i en film. Det er her scenen s\u00e6ttes, forventningerne opst\u00e5r og publikums opm\u00e6rksomhed fanges. Bliver det s\u00f8rgeligt, sjovt eller uhyggeligt? Og hvad mon der S\u00c5 sker? I dramaturgien kaldes det et [&hellip;]<\/p>\n","protected":false},"author":14,"featured_media":0,"parent":7490,"menu_order":0,"comment_status":"closed","ping_status":"closed","template":"elementor_header_footer","meta":{"inline_featured_image":false,"footnotes":""},"class_list":["post-7488","page","type-page","status-publish","hentry"],"yoast_head":"<!-- This site is optimized with the Yoast SEO plugin v26.0 - https:\/\/yoast.com\/wordpress\/plugins\/seo\/ -->\n<title>Anslag &#8211; Plus Agency<\/title>\n<meta name=\"robots\" content=\"index, follow, max-snippet:-1, max-image-preview:large, max-video-preview:-1\" \/>\n<link rel=\"canonical\" href=\"https:\/\/plus.agency\/da\/produkter\/anslag\/\" \/>\n<meta property=\"og:locale\" content=\"da_DK\" \/>\n<meta property=\"og:type\" content=\"article\" \/>\n<meta property=\"og:title\" content=\"Anslag &#8211; Plus Agency\" \/>\n<meta property=\"og:description\" content=\"Anslag: Den vigtige konferencestart Hvorfor er anslag vigtige? De f\u00f8rste linjer i en bog. De f\u00f8rste toner af et stykke musik. Den f\u00f8rste scene i en film. Det er her scenen s\u00e6ttes, forventningerne opst\u00e5r og publikums opm\u00e6rksomhed fanges. Bliver det s\u00f8rgeligt, sjovt eller uhyggeligt? Og hvad mon der S\u00c5 sker? I dramaturgien kaldes det et [&hellip;]\" \/>\n<meta property=\"og:url\" content=\"https:\/\/plus.agency\/da\/produkter\/anslag\/\" \/>\n<meta property=\"og:site_name\" content=\"Plus Agency\" \/>\n<meta property=\"article:modified_time\" content=\"2025-01-13T09:28:25+00:00\" \/>\n<meta property=\"og:image\" content=\"https:\/\/plus.agency\/wp-content\/uploads\/2021\/10\/8e0dfe_1efd9af47c91480290ef5152396d17e0_mv2.webp\" \/>\n<meta name=\"twitter:card\" content=\"summary_large_image\" \/>\n<meta name=\"twitter:label1\" content=\"Estimeret l\u00e6setid\" \/>\n\t<meta name=\"twitter:data1\" content=\"2 minutter\" \/>\n<script type=\"application\/ld+json\" class=\"yoast-schema-graph\">{\"@context\":\"https:\/\/schema.org\",\"@graph\":[{\"@type\":\"WebPage\",\"@id\":\"https:\/\/plus.agency\/da\/produkter\/anslag\/\",\"url\":\"https:\/\/plus.agency\/da\/produkter\/anslag\/\",\"name\":\"Anslag &#8211; Plus Agency\",\"isPartOf\":{\"@id\":\"https:\/\/plus.agency\/da\/#website\"},\"primaryImageOfPage\":{\"@id\":\"https:\/\/plus.agency\/da\/produkter\/anslag\/#primaryimage\"},\"image\":{\"@id\":\"https:\/\/plus.agency\/da\/produkter\/anslag\/#primaryimage\"},\"thumbnailUrl\":\"https:\/\/plus.agency\/wp-content\/uploads\/2021\/10\/8e0dfe_1efd9af47c91480290ef5152396d17e0_mv2.webp\",\"datePublished\":\"2022-09-13T07:59:08+00:00\",\"dateModified\":\"2025-01-13T09:28:25+00:00\",\"breadcrumb\":{\"@id\":\"https:\/\/plus.agency\/da\/produkter\/anslag\/#breadcrumb\"},\"inLanguage\":\"da-DK\",\"potentialAction\":[{\"@type\":\"ReadAction\",\"target\":[\"https:\/\/plus.agency\/da\/produkter\/anslag\/\"]}]},{\"@type\":\"ImageObject\",\"inLanguage\":\"da-DK\",\"@id\":\"https:\/\/plus.agency\/da\/produkter\/anslag\/#primaryimage\",\"url\":\"https:\/\/plus.agency\/wp-content\/uploads\/2021\/10\/8e0dfe_1efd9af47c91480290ef5152396d17e0_mv2.webp\",\"contentUrl\":\"https:\/\/plus.agency\/wp-content\/uploads\/2021\/10\/8e0dfe_1efd9af47c91480290ef5152396d17e0_mv2.webp\"},{\"@type\":\"BreadcrumbList\",\"@id\":\"https:\/\/plus.agency\/da\/produkter\/anslag\/#breadcrumb\",\"itemListElement\":[{\"@type\":\"ListItem\",\"position\":1,\"name\":\"Home\",\"item\":\"https:\/\/plus.agency\/da\/?page_id=14767\"},{\"@type\":\"ListItem\",\"position\":2,\"name\":\"Produkter\",\"item\":\"https:\/\/plus.agency\/da\/produkter\/\"},{\"@type\":\"ListItem\",\"position\":3,\"name\":\"Anslag\"}]},{\"@type\":\"WebSite\",\"@id\":\"https:\/\/plus.agency\/da\/#website\",\"url\":\"https:\/\/plus.agency\/da\/\",\"name\":\"Plus Agency\",\"description\":\"Plus Agency\",\"publisher\":{\"@id\":\"https:\/\/plus.agency\/da\/#organization\"},\"potentialAction\":[{\"@type\":\"SearchAction\",\"target\":{\"@type\":\"EntryPoint\",\"urlTemplate\":\"https:\/\/plus.agency\/da\/?s={search_term_string}\"},\"query-input\":{\"@type\":\"PropertyValueSpecification\",\"valueRequired\":true,\"valueName\":\"search_term_string\"}}],\"inLanguage\":\"da-DK\"},{\"@type\":\"Organization\",\"@id\":\"https:\/\/plus.agency\/da\/#organization\",\"name\":\"Plus Agency\",\"url\":\"https:\/\/plus.agency\/da\/\",\"logo\":{\"@type\":\"ImageObject\",\"inLanguage\":\"da-DK\",\"@id\":\"https:\/\/plus.agency\/da\/#\/schema\/logo\/image\/\",\"url\":\"https:\/\/plus.agency\/wp-content\/uploads\/2021\/10\/cropped-plus-agency-logo.png\",\"contentUrl\":\"https:\/\/plus.agency\/wp-content\/uploads\/2021\/10\/cropped-plus-agency-logo.png\",\"width\":525,\"height\":319,\"caption\":\"Plus Agency\"},\"image\":{\"@id\":\"https:\/\/plus.agency\/da\/#\/schema\/logo\/image\/\"}}]}<\/script>\n<!-- \/ Yoast SEO plugin. -->","yoast_head_json":{"title":"Anslag &#8211; Plus Agency","robots":{"index":"index","follow":"follow","max-snippet":"max-snippet:-1","max-image-preview":"max-image-preview:large","max-video-preview":"max-video-preview:-1"},"canonical":"https:\/\/plus.agency\/da\/produkter\/anslag\/","og_locale":"da_DK","og_type":"article","og_title":"Anslag &#8211; Plus Agency","og_description":"Anslag: Den vigtige konferencestart Hvorfor er anslag vigtige? De f\u00f8rste linjer i en bog. De f\u00f8rste toner af et stykke musik. Den f\u00f8rste scene i en film. Det er her scenen s\u00e6ttes, forventningerne opst\u00e5r og publikums opm\u00e6rksomhed fanges. Bliver det s\u00f8rgeligt, sjovt eller uhyggeligt? Og hvad mon der S\u00c5 sker? I dramaturgien kaldes det et [&hellip;]","og_url":"https:\/\/plus.agency\/da\/produkter\/anslag\/","og_site_name":"Plus Agency","article_modified_time":"2025-01-13T09:28:25+00:00","og_image":[{"url":"https:\/\/plus.agency\/wp-content\/uploads\/2021\/10\/8e0dfe_1efd9af47c91480290ef5152396d17e0_mv2.webp","type":"","width":"","height":""}],"twitter_card":"summary_large_image","twitter_misc":{"Estimeret l\u00e6setid":"2 minutter"},"schema":{"@context":"https:\/\/schema.org","@graph":[{"@type":"WebPage","@id":"https:\/\/plus.agency\/da\/produkter\/anslag\/","url":"https:\/\/plus.agency\/da\/produkter\/anslag\/","name":"Anslag &#8211; Plus Agency","isPartOf":{"@id":"https:\/\/plus.agency\/da\/#website"},"primaryImageOfPage":{"@id":"https:\/\/plus.agency\/da\/produkter\/anslag\/#primaryimage"},"image":{"@id":"https:\/\/plus.agency\/da\/produkter\/anslag\/#primaryimage"},"thumbnailUrl":"https:\/\/plus.agency\/wp-content\/uploads\/2021\/10\/8e0dfe_1efd9af47c91480290ef5152396d17e0_mv2.webp","datePublished":"2022-09-13T07:59:08+00:00","dateModified":"2025-01-13T09:28:25+00:00","breadcrumb":{"@id":"https:\/\/plus.agency\/da\/produkter\/anslag\/#breadcrumb"},"inLanguage":"da-DK","potentialAction":[{"@type":"ReadAction","target":["https:\/\/plus.agency\/da\/produkter\/anslag\/"]}]},{"@type":"ImageObject","inLanguage":"da-DK","@id":"https:\/\/plus.agency\/da\/produkter\/anslag\/#primaryimage","url":"https:\/\/plus.agency\/wp-content\/uploads\/2021\/10\/8e0dfe_1efd9af47c91480290ef5152396d17e0_mv2.webp","contentUrl":"https:\/\/plus.agency\/wp-content\/uploads\/2021\/10\/8e0dfe_1efd9af47c91480290ef5152396d17e0_mv2.webp"},{"@type":"BreadcrumbList","@id":"https:\/\/plus.agency\/da\/produkter\/anslag\/#breadcrumb","itemListElement":[{"@type":"ListItem","position":1,"name":"Home","item":"https:\/\/plus.agency\/da\/?page_id=14767"},{"@type":"ListItem","position":2,"name":"Produkter","item":"https:\/\/plus.agency\/da\/produkter\/"},{"@type":"ListItem","position":3,"name":"Anslag"}]},{"@type":"WebSite","@id":"https:\/\/plus.agency\/da\/#website","url":"https:\/\/plus.agency\/da\/","name":"Plus Agency","description":"Plus Agency","publisher":{"@id":"https:\/\/plus.agency\/da\/#organization"},"potentialAction":[{"@type":"SearchAction","target":{"@type":"EntryPoint","urlTemplate":"https:\/\/plus.agency\/da\/?s={search_term_string}"},"query-input":{"@type":"PropertyValueSpecification","valueRequired":true,"valueName":"search_term_string"}}],"inLanguage":"da-DK"},{"@type":"Organization","@id":"https:\/\/plus.agency\/da\/#organization","name":"Plus Agency","url":"https:\/\/plus.agency\/da\/","logo":{"@type":"ImageObject","inLanguage":"da-DK","@id":"https:\/\/plus.agency\/da\/#\/schema\/logo\/image\/","url":"https:\/\/plus.agency\/wp-content\/uploads\/2021\/10\/cropped-plus-agency-logo.png","contentUrl":"https:\/\/plus.agency\/wp-content\/uploads\/2021\/10\/cropped-plus-agency-logo.png","width":525,"height":319,"caption":"Plus Agency"},"image":{"@id":"https:\/\/plus.agency\/da\/#\/schema\/logo\/image\/"}}]}},"_links":{"self":[{"href":"https:\/\/plus.agency\/da\/wp-json\/wp\/v2\/pages\/7488","targetHints":{"allow":["GET"]}}],"collection":[{"href":"https:\/\/plus.agency\/da\/wp-json\/wp\/v2\/pages"}],"about":[{"href":"https:\/\/plus.agency\/da\/wp-json\/wp\/v2\/types\/page"}],"author":[{"embeddable":true,"href":"https:\/\/plus.agency\/da\/wp-json\/wp\/v2\/users\/14"}],"replies":[{"embeddable":true,"href":"https:\/\/plus.agency\/da\/wp-json\/wp\/v2\/comments?post=7488"}],"version-history":[{"count":38,"href":"https:\/\/plus.agency\/da\/wp-json\/wp\/v2\/pages\/7488\/revisions"}],"predecessor-version":[{"id":17986,"href":"https:\/\/plus.agency\/da\/wp-json\/wp\/v2\/pages\/7488\/revisions\/17986"}],"up":[{"embeddable":true,"href":"https:\/\/plus.agency\/da\/wp-json\/wp\/v2\/pages\/7490"}],"wp:attachment":[{"href":"https:\/\/plus.agency\/da\/wp-json\/wp\/v2\/media?parent=7488"}],"curies":[{"name":"wp","href":"https:\/\/api.w.org\/{rel}","templated":true}]}}