{"id":7921,"date":"2022-09-14T06:56:40","date_gmt":"2022-09-14T04:56:40","guid":{"rendered":"https:\/\/plus.agency\/articles-new\/"},"modified":"2022-12-21T12:15:32","modified_gmt":"2022-12-21T10:15:32","slug":"artikler","status":"publish","type":"page","link":"https:\/\/plus.agency\/da\/artikler\/","title":{"rendered":"Artikler"},"content":{"rendered":"\t\t<div data-elementor-type=\"wp-page\" data-elementor-id=\"7921\" class=\"elementor elementor-7921\" data-elementor-post-type=\"page\">\n\t\t\t\t\t\t<section class=\"elementor-section elementor-top-section elementor-element elementor-element-3a8eb23 elementor-section-boxed elementor-section-height-default elementor-section-height-default\" data-id=\"3a8eb23\" data-element_type=\"section\" data-settings=\"{&quot;background_background&quot;:&quot;classic&quot;}\">\n\t\t\t\t\t\t<div class=\"elementor-container elementor-column-gap-default\">\n\t\t\t\t\t<div class=\"elementor-column elementor-col-100 elementor-top-column elementor-element elementor-element-fb38a5b\" data-id=\"fb38a5b\" data-element_type=\"column\">\n\t\t\t<div class=\"elementor-widget-wrap elementor-element-populated\">\n\t\t\t\t\t\t<div class=\"elementor-element elementor-element-d748f78 elementor-widget elementor-widget-heading\" data-id=\"d748f78\" data-element_type=\"widget\" data-widget_type=\"heading.default\">\n\t\t\t\t<div class=\"elementor-widget-container\">\n\t\t\t\t\t<h1 class=\"elementor-heading-title elementor-size-default\">Artikler<\/h1>\t\t\t\t<\/div>\n\t\t\t\t<\/div>\n\t\t\t\t\t<\/div>\n\t\t<\/div>\n\t\t\t\t\t<\/div>\n\t\t<\/section>\n\t\t\t\t<section class=\"elementor-section elementor-top-section elementor-element elementor-element-c27dc16 elementor-section-boxed elementor-section-height-default elementor-section-height-default\" data-id=\"c27dc16\" data-element_type=\"section\" data-settings=\"{&quot;background_background&quot;:&quot;classic&quot;}\">\n\t\t\t\t\t\t<div class=\"elementor-container elementor-column-gap-default\">\n\t\t\t\t\t<div class=\"elementor-column elementor-col-100 elementor-top-column elementor-element elementor-element-18a815a\" data-id=\"18a815a\" data-element_type=\"column\" data-settings=\"{&quot;background_background&quot;:&quot;classic&quot;}\">\n\t\t\t<div class=\"elementor-widget-wrap elementor-element-populated\">\n\t\t\t\t\t\t<div class=\"elementor-element elementor-element-36cef87 design-blog elementor-grid-3 elementor-grid-tablet-2 elementor-grid-mobile-1 elementor-posts--thumbnail-top load-more-align-center elementor-widget elementor-widget-posts\" data-id=\"36cef87\" data-element_type=\"widget\" data-settings=\"{&quot;classic_row_gap&quot;:{&quot;unit&quot;:&quot;px&quot;,&quot;size&quot;:30,&quot;sizes&quot;:[]},&quot;pagination_type&quot;:&quot;load_more_on_click&quot;,&quot;classic_columns&quot;:&quot;3&quot;,&quot;classic_columns_tablet&quot;:&quot;2&quot;,&quot;classic_columns_mobile&quot;:&quot;1&quot;,&quot;classic_row_gap_tablet&quot;:{&quot;unit&quot;:&quot;px&quot;,&quot;size&quot;:&quot;&quot;,&quot;sizes&quot;:[]},&quot;classic_row_gap_mobile&quot;:{&quot;unit&quot;:&quot;px&quot;,&quot;size&quot;:&quot;&quot;,&quot;sizes&quot;:[]},&quot;load_more_spinner&quot;:{&quot;value&quot;:&quot;fas fa-spinner&quot;,&quot;library&quot;:&quot;fa-solid&quot;}}\" data-widget_type=\"posts.classic\">\n\t\t\t\t<div class=\"elementor-widget-container\">\n\t\t\t\t\t\t\t<div class=\"elementor-posts-container elementor-posts elementor-posts--skin-classic elementor-grid\" role=\"list\">\n\t\t\t\t<article class=\"elementor-post elementor-grid-item post-840 post type-post status-publish format-standard has-post-thumbnail hentry category-artikler\" role=\"listitem\">\n\t\t\t\t<a class=\"elementor-post__thumbnail__link\" href=\"https:\/\/plus.agency\/da\/artikler\/ph-d-afhandling-og-publikationer\/\" tabindex=\"-1\" >\n\t\t\t<div class=\"elementor-post__thumbnail\"><img fetchpriority=\"high\" decoding=\"async\" width=\"1024\" height=\"576\" src=\"https:\/\/plus.agency\/wp-content\/uploads\/2021\/10\/Nicoline-Jacoby-Hansen-publications-1024x576-1.jpg\" class=\"attachment-full size-full wp-image-842\" alt=\"\" srcset=\"https:\/\/plus.agency\/wp-content\/uploads\/2021\/10\/Nicoline-Jacoby-Hansen-publications-1024x576-1.jpg 1024w, https:\/\/plus.agency\/wp-content\/uploads\/2021\/10\/Nicoline-Jacoby-Hansen-publications-1024x576-1-300x169.jpg 300w, https:\/\/plus.agency\/wp-content\/uploads\/2021\/10\/Nicoline-Jacoby-Hansen-publications-1024x576-1-768x432.jpg 768w\" sizes=\"(max-width: 1024px) 100vw, 1024px\" \/><\/div>\n\t\t<\/a>\n\t\t\t\t<div class=\"elementor-post__text\">\n\t\t\t\t<h3 class=\"elementor-post__title\">\n\t\t\t<a href=\"https:\/\/plus.agency\/da\/artikler\/ph-d-afhandling-og-publikationer\/\" >\n\t\t\t\tPh.d.-afhandling og publikationer\t\t\t<\/a>\n\t\t<\/h3>\n\t\t\t\t<div class=\"elementor-post__excerpt\">\n\t\t\t<p>Vores tilgang til at arbejde med deltagerinvolvering p\u00e5 konferencer og andre store m\u00f8der bygger p\u00e5 Nicoline Jacoby Hansens ph.d.-afhandling fra 2010. Du kan downloade hele<\/p>\n\t\t<\/div>\n\t\t\t\t\t<div class=\"elementor-post__read-more-wrapper\">\n\t\t\n\t\t<a class=\"elementor-post__read-more\" href=\"https:\/\/plus.agency\/da\/artikler\/ph-d-afhandling-og-publikationer\/\" aria-label=\"Read more about Ph.d.-afhandling og publikationer\" tabindex=\"-1\" >\n\t\t\tL\u00c6S MERE \u2192\t\t<\/a>\n\n\t\t\t\t\t<\/div>\n\t\t\t\t<\/div>\n\t\t\t\t<\/article>\n\t\t\t\t<article class=\"elementor-post elementor-grid-item post-834 post type-post status-publish format-standard has-post-thumbnail hentry category-artikler\" role=\"listitem\">\n\t\t\t\t<a class=\"elementor-post__thumbnail__link\" href=\"https:\/\/plus.agency\/da\/artikler\/bog-koreplan-for-store-moder\/\" tabindex=\"-1\" >\n\t\t\t<div class=\"elementor-post__thumbnail\"><img decoding=\"async\" width=\"1024\" height=\"878\" src=\"https:\/\/plus.agency\/wp-content\/uploads\/2021\/10\/Book-cover-Koreplan-for-store-moder-1024x878-1.jpg\" class=\"attachment-full size-full wp-image-836\" alt=\"\" srcset=\"https:\/\/plus.agency\/wp-content\/uploads\/2021\/10\/Book-cover-Koreplan-for-store-moder-1024x878-1.jpg 1024w, https:\/\/plus.agency\/wp-content\/uploads\/2021\/10\/Book-cover-Koreplan-for-store-moder-1024x878-1-300x257.jpg 300w, https:\/\/plus.agency\/wp-content\/uploads\/2021\/10\/Book-cover-Koreplan-for-store-moder-1024x878-1-768x659.jpg 768w\" sizes=\"(max-width: 1024px) 100vw, 1024px\" \/><\/div>\n\t\t<\/a>\n\t\t\t\t<div class=\"elementor-post__text\">\n\t\t\t\t<h3 class=\"elementor-post__title\">\n\t\t\t<a href=\"https:\/\/plus.agency\/da\/artikler\/bog-koreplan-for-store-moder\/\" >\n\t\t\t\tBog: K\u00f8replan for store m\u00f8der\t\t\t<\/a>\n\t\t<\/h3>\n\t\t\t\t<div class=\"elementor-post__excerpt\">\n\t\t\t<p>Du har selv v\u00e6ret der: I m\u00f8delokaler med tykke t\u00e6pper og d\u00e5rlig luft, hvor der st\u00e5r riflede plasticvandkander p\u00e5 parade. Opl\u00e6ggene fra den store scene<\/p>\n\t\t<\/div>\n\t\t\t\t\t<div class=\"elementor-post__read-more-wrapper\">\n\t\t\n\t\t<a class=\"elementor-post__read-more\" href=\"https:\/\/plus.agency\/da\/artikler\/bog-koreplan-for-store-moder\/\" aria-label=\"Read more about Bog: K\u00f8replan for store m\u00f8der\" tabindex=\"-1\" >\n\t\t\tL\u00c6S MERE \u2192\t\t<\/a>\n\n\t\t\t\t\t<\/div>\n\t\t\t\t<\/div>\n\t\t\t\t<\/article>\n\t\t\t\t<article class=\"elementor-post elementor-grid-item post-817 post type-post status-publish format-standard has-post-thumbnail hentry category-artikler\" role=\"listitem\">\n\t\t\t\t<a class=\"elementor-post__thumbnail__link\" href=\"https:\/\/plus.agency\/da\/artikler\/hold-en-vidensbazar\/\" tabindex=\"-1\" >\n\t\t\t<div class=\"elementor-post__thumbnail\"><img decoding=\"async\" width=\"292\" height=\"165\" src=\"https:\/\/plus.agency\/wp-content\/uploads\/2021\/10\/knowledge-bazar.webp\" class=\"attachment-full size-full wp-image-8249\" alt=\"\" \/><\/div>\n\t\t<\/a>\n\t\t\t\t<div class=\"elementor-post__text\">\n\t\t\t\t<h3 class=\"elementor-post__title\">\n\t\t\t<a href=\"https:\/\/plus.agency\/da\/artikler\/hold-en-vidensbazar\/\" >\n\t\t\t\tHold en vidensbazar\t\t\t<\/a>\n\t\t<\/h3>\n\t\t\t\t<div class=\"elementor-post__excerpt\">\n\t\t\t<p>Vidensbazaren er et involverende format, der varer ca. 1,5 time. Deltagerne inviteres til at bes\u00f8ge en r\u00e6kke poster, hvor der st\u00e5r en person som fort\u00e6ller<\/p>\n\t\t<\/div>\n\t\t\t\t\t<div class=\"elementor-post__read-more-wrapper\">\n\t\t\n\t\t<a class=\"elementor-post__read-more\" href=\"https:\/\/plus.agency\/da\/artikler\/hold-en-vidensbazar\/\" aria-label=\"Read more about Hold en vidensbazar\" tabindex=\"-1\" >\n\t\t\tL\u00c6S MERE \u2192\t\t<\/a>\n\n\t\t\t\t\t<\/div>\n\t\t\t\t<\/div>\n\t\t\t\t<\/article>\n\t\t\t\t<article class=\"elementor-post elementor-grid-item post-811 post type-post status-publish format-standard has-post-thumbnail hentry category-artikler\" role=\"listitem\">\n\t\t\t\t<a class=\"elementor-post__thumbnail__link\" href=\"https:\/\/plus.agency\/da\/artikler\/skab-god-stemning-fa-deltagerne-til-at-fole-sig-godt-tilpas\/\" tabindex=\"-1\" >\n\t\t\t<div class=\"elementor-post__thumbnail\"><img loading=\"lazy\" decoding=\"async\" width=\"1000\" height=\"1000\" src=\"https:\/\/plus.agency\/wp-content\/uploads\/2021\/10\/5-Set-the-mood-in-conference-planning.gif\" class=\"attachment-full size-full wp-image-813\" alt=\"\" \/><\/div>\n\t\t<\/a>\n\t\t\t\t<div class=\"elementor-post__text\">\n\t\t\t\t<h3 class=\"elementor-post__title\">\n\t\t\t<a href=\"https:\/\/plus.agency\/da\/artikler\/skab-god-stemning-fa-deltagerne-til-at-fole-sig-godt-tilpas\/\" >\n\t\t\t\tSkab god stemning \u2013 f\u00e5 deltagerne til at f\u00f8le sig godt tilpas\t\t\t<\/a>\n\t\t<\/h3>\n\t\t\t\t<div class=\"elementor-post__excerpt\">\n\t\t\t<p>Forestil dig, at du ankommer til et middagsselskab, hvor hovedd\u00f8ren st\u00e5r p\u00e5 vid gab, men der er ingen til at tage imod dig. N\u00e5r du<\/p>\n\t\t<\/div>\n\t\t\t\t\t<div class=\"elementor-post__read-more-wrapper\">\n\t\t\n\t\t<a class=\"elementor-post__read-more\" href=\"https:\/\/plus.agency\/da\/artikler\/skab-god-stemning-fa-deltagerne-til-at-fole-sig-godt-tilpas\/\" aria-label=\"Read more about Skab god stemning \u2013 f\u00e5 deltagerne til at f\u00f8le sig godt tilpas\" tabindex=\"-1\" >\n\t\t\tL\u00c6S MERE \u2192\t\t<\/a>\n\n\t\t\t\t\t<\/div>\n\t\t\t\t<\/div>\n\t\t\t\t<\/article>\n\t\t\t\t<article class=\"elementor-post elementor-grid-item post-805 post type-post status-publish format-standard has-post-thumbnail hentry category-artikler\" role=\"listitem\">\n\t\t\t\t<a class=\"elementor-post__thumbnail__link\" href=\"https:\/\/plus.agency\/da\/artikler\/balancer-mellem-faglighed-og-festlighed-giv-hvert-punkt-mening\/\" tabindex=\"-1\" >\n\t\t\t<div class=\"elementor-post__thumbnail\"><img loading=\"lazy\" decoding=\"async\" width=\"1000\" height=\"1000\" src=\"https:\/\/plus.agency\/wp-content\/uploads\/2021\/10\/4-Balance-in-conference-planning.gif\" class=\"attachment-full size-full wp-image-807\" alt=\"\" \/><\/div>\n\t\t<\/a>\n\t\t\t\t<div class=\"elementor-post__text\">\n\t\t\t\t<h3 class=\"elementor-post__title\">\n\t\t\t<a href=\"https:\/\/plus.agency\/da\/artikler\/balancer-mellem-faglighed-og-festlighed-giv-hvert-punkt-mening\/\" >\n\t\t\t\tBalancer mellem faglighed og festlighed: Giv hvert punkt mening\t\t\t<\/a>\n\t\t<\/h3>\n\t\t\t\t<div class=\"elementor-post__excerpt\">\n\t\t\t<p>Du sidder til en konference, og med et smil p\u00e5 l\u00e6ben siger konferencieren: \u201dNu vil jeg gerne bede jer alle sammen rejse jer op.\u201d Hvad<\/p>\n\t\t<\/div>\n\t\t\t\t\t<div class=\"elementor-post__read-more-wrapper\">\n\t\t\n\t\t<a class=\"elementor-post__read-more\" href=\"https:\/\/plus.agency\/da\/artikler\/balancer-mellem-faglighed-og-festlighed-giv-hvert-punkt-mening\/\" aria-label=\"Read more about Balancer mellem faglighed og festlighed: Giv hvert punkt mening\" tabindex=\"-1\" >\n\t\t\tL\u00c6S MERE \u2192\t\t<\/a>\n\n\t\t\t\t\t<\/div>\n\t\t\t\t<\/div>\n\t\t\t\t<\/article>\n\t\t\t\t<article class=\"elementor-post elementor-grid-item post-796 post type-post status-publish format-standard has-post-thumbnail hentry category-artikler\" role=\"listitem\">\n\t\t\t\t<a class=\"elementor-post__thumbnail__link\" href=\"https:\/\/plus.agency\/da\/artikler\/tal-til-bade-hjerne-hjerte-og-fodder-saet-deltagerne-i-bevaegelse\/\" tabindex=\"-1\" >\n\t\t\t<div class=\"elementor-post__thumbnail\"><img loading=\"lazy\" decoding=\"async\" width=\"1000\" height=\"1000\" src=\"https:\/\/plus.agency\/wp-content\/uploads\/2021\/10\/3-Involve-mind-heart-feet-in-conference-planning.gif\" class=\"attachment-full size-full wp-image-798\" alt=\"\" \/><\/div>\n\t\t<\/a>\n\t\t\t\t<div class=\"elementor-post__text\">\n\t\t\t\t<h3 class=\"elementor-post__title\">\n\t\t\t<a href=\"https:\/\/plus.agency\/da\/artikler\/tal-til-bade-hjerne-hjerte-og-fodder-saet-deltagerne-i-bevaegelse\/\" >\n\t\t\t\tTal til b\u00e5de hjerne, hjerte og f\u00f8dder: S\u00e6t deltagerne i bev\u00e6gelse\t\t\t<\/a>\n\t\t<\/h3>\n\t\t\t\t<div class=\"elementor-post__excerpt\">\n\t\t\t<p>N\u00e5r man endelig bruger tid og ressourcer p\u00e5 at samle folk fysisk p\u00e5 \u00e9t sted til et st\u00f8rre m\u00f8de, s\u00e5 skal de opleve noget andet<\/p>\n\t\t<\/div>\n\t\t\t\t\t<div class=\"elementor-post__read-more-wrapper\">\n\t\t\n\t\t<a class=\"elementor-post__read-more\" href=\"https:\/\/plus.agency\/da\/artikler\/tal-til-bade-hjerne-hjerte-og-fodder-saet-deltagerne-i-bevaegelse\/\" aria-label=\"Read more about Tal til b\u00e5de hjerne, hjerte og f\u00f8dder: S\u00e6t deltagerne i bev\u00e6gelse\" tabindex=\"-1\" >\n\t\t\tL\u00c6S MERE \u2192\t\t<\/a>\n\n\t\t\t\t\t<\/div>\n\t\t\t\t<\/div>\n\t\t\t\t<\/article>\n\t\t\t\t<article class=\"elementor-post elementor-grid-item post-787 post type-post status-publish format-standard has-post-thumbnail hentry category-artikler\" role=\"listitem\">\n\t\t\t\t<a class=\"elementor-post__thumbnail__link\" href=\"https:\/\/plus.agency\/da\/artikler\/skab-en-afvekslende-programrytme-varier-form-og-indhold\/\" tabindex=\"-1\" >\n\t\t\t<div class=\"elementor-post__thumbnail\"><img loading=\"lazy\" decoding=\"async\" width=\"1000\" height=\"1000\" src=\"https:\/\/plus.agency\/wp-content\/uploads\/2021\/10\/2-Rythm-in-conference-planning.gif\" class=\"attachment-full size-full wp-image-789\" alt=\"\" \/><\/div>\n\t\t<\/a>\n\t\t\t\t<div class=\"elementor-post__text\">\n\t\t\t\t<h3 class=\"elementor-post__title\">\n\t\t\t<a href=\"https:\/\/plus.agency\/da\/artikler\/skab-en-afvekslende-programrytme-varier-form-og-indhold\/\" >\n\t\t\t\tSkab en afvekslende programrytme: Varier form og indhold\t\t\t<\/a>\n\t\t<\/h3>\n\t\t\t\t<div class=\"elementor-post__excerpt\">\n\t\t\t<p>Gode m\u00f8der er lidt ligesom god musik: Det skal swinge. Og det vil m\u00f8det g\u00f8re, n\u00e5r der er t\u00e6nkt over variation, tempo, intensitet, eskalering, overraskelse<\/p>\n\t\t<\/div>\n\t\t\t\t\t<div class=\"elementor-post__read-more-wrapper\">\n\t\t\n\t\t<a class=\"elementor-post__read-more\" href=\"https:\/\/plus.agency\/da\/artikler\/skab-en-afvekslende-programrytme-varier-form-og-indhold\/\" aria-label=\"Read more about Skab en afvekslende programrytme: Varier form og indhold\" tabindex=\"-1\" >\n\t\t\tL\u00c6S MERE \u2192\t\t<\/a>\n\n\t\t\t\t\t<\/div>\n\t\t\t\t<\/div>\n\t\t\t\t<\/article>\n\t\t\t\t<article class=\"elementor-post elementor-grid-item post-752 post type-post status-publish format-standard has-post-thumbnail hentry category-artikler\" role=\"listitem\">\n\t\t\t\t<a class=\"elementor-post__thumbnail__link\" href=\"https:\/\/plus.agency\/da\/artikler\/saet-deltagernes-behov-i-centrum-kend-dine-modtageres-behov\/\" tabindex=\"-1\" >\n\t\t\t<div class=\"elementor-post__thumbnail\"><img loading=\"lazy\" decoding=\"async\" width=\"1000\" height=\"1000\" src=\"https:\/\/plus.agency\/wp-content\/uploads\/2021\/10\/1-Focus-on-participants-in-conference-planning.gif\" class=\"attachment-full size-full wp-image-761\" alt=\"\" \/><\/div>\n\t\t<\/a>\n\t\t\t\t<div class=\"elementor-post__text\">\n\t\t\t\t<h3 class=\"elementor-post__title\">\n\t\t\t<a href=\"https:\/\/plus.agency\/da\/artikler\/saet-deltagernes-behov-i-centrum-kend-dine-modtageres-behov\/\" >\n\t\t\t\tS\u00e6t deltagernes behov i centrum: Kend dine modtageres behov\t\t\t<\/a>\n\t\t<\/h3>\n\t\t\t\t<div class=\"elementor-post__excerpt\">\n\t\t\t<p>Som m\u00f8dearrang\u00f8r har du helt styr p\u00e5, hvad dit vigtigste budskab til deltagerne er. Men ved du, hvad deltagerne rigtig gerne vil h\u00f8re og opleve?<\/p>\n\t\t<\/div>\n\t\t\t\t\t<div class=\"elementor-post__read-more-wrapper\">\n\t\t\n\t\t<a class=\"elementor-post__read-more\" href=\"https:\/\/plus.agency\/da\/artikler\/saet-deltagernes-behov-i-centrum-kend-dine-modtageres-behov\/\" aria-label=\"Read more about S\u00e6t deltagernes behov i centrum: Kend dine modtageres behov\" tabindex=\"-1\" >\n\t\t\tL\u00c6S MERE \u2192\t\t<\/a>\n\n\t\t\t\t\t<\/div>\n\t\t\t\t<\/div>\n\t\t\t\t<\/article>\n\t\t\t\t<article class=\"elementor-post elementor-grid-item post-730 post type-post status-publish format-standard has-post-thumbnail hentry category-artikler\" role=\"listitem\">\n\t\t\t\t<a class=\"elementor-post__thumbnail__link\" href=\"https:\/\/plus.agency\/da\/artikler\/vinderprojekt-bedste-deltagerinvolvering\/\" tabindex=\"-1\" >\n\t\t\t<div class=\"elementor-post__thumbnail\"><img loading=\"lazy\" decoding=\"async\" width=\"424\" height=\"307\" src=\"https:\/\/plus.agency\/wp-content\/uploads\/2022\/09\/8e0dfe_6294e3752bc147b99e7ddd728aa7e7bb_mv2.webp\" class=\"attachment-full size-full wp-image-8954\" alt=\"\" srcset=\"https:\/\/plus.agency\/wp-content\/uploads\/2022\/09\/8e0dfe_6294e3752bc147b99e7ddd728aa7e7bb_mv2.webp 424w, https:\/\/plus.agency\/wp-content\/uploads\/2022\/09\/8e0dfe_6294e3752bc147b99e7ddd728aa7e7bb_mv2-300x217.webp 300w\" sizes=\"(max-width: 424px) 100vw, 424px\" \/><\/div>\n\t\t<\/a>\n\t\t\t\t<div class=\"elementor-post__text\">\n\t\t\t\t<h3 class=\"elementor-post__title\">\n\t\t\t<a href=\"https:\/\/plus.agency\/da\/artikler\/vinderprojekt-bedste-deltagerinvolvering\/\" >\n\t\t\t\tVinderprojekt: Bedste deltagerinvolvering\t\t\t<\/a>\n\t\t<\/h3>\n\t\t\t\t<div class=\"elementor-post__excerpt\">\n\t\t\t<p>Casen &#8220;Den toneangivende trio&#8221; vandt for bedste deltagerinvolvering til m\u00f8debranchens Oscar-uddeling, Danish Events and Meetings Award 2017 (DEMA17). L\u00e6s mere om hvordan dagens deltagerinvolverende aktiviteter<\/p>\n\t\t<\/div>\n\t\t\t\t\t<div class=\"elementor-post__read-more-wrapper\">\n\t\t\n\t\t<a class=\"elementor-post__read-more\" href=\"https:\/\/plus.agency\/da\/artikler\/vinderprojekt-bedste-deltagerinvolvering\/\" aria-label=\"Read more about Vinderprojekt: Bedste deltagerinvolvering\" tabindex=\"-1\" >\n\t\t\tL\u00c6S MERE \u2192\t\t<\/a>\n\n\t\t\t\t\t<\/div>\n\t\t\t\t<\/div>\n\t\t\t\t<\/article>\n\t\t\t\t<\/div>\n\t\t\t\t\t<span class=\"e-load-more-spinner\">\n\t\t\t\t<i aria-hidden=\"true\" class=\"fas fa-spinner\"><\/i>\t\t\t<\/span>\n\t\t\n\t\t\t\t\t\t<\/div>\n\t\t\t\t<\/div>\n\t\t\t\t\t<\/div>\n\t\t<\/div>\n\t\t\t\t\t<\/div>\n\t\t<\/section>\n\t\t\t\t<\/div>\n\t\t","protected":false},"excerpt":{"rendered":"<p>Artikler<\/p>\n","protected":false},"author":14,"featured_media":0,"parent":0,"menu_order":0,"comment_status":"closed","ping_status":"closed","template":"elementor_header_footer","meta":{"inline_featured_image":false,"footnotes":""},"class_list":["post-7921","page","type-page","status-publish","hentry"],"yoast_head":"<!-- This site is optimized with the Yoast SEO plugin v26.0 - https:\/\/yoast.com\/wordpress\/plugins\/seo\/ -->\n<title>Artikler &#8211; Plus Agency<\/title>\n<meta name=\"robots\" content=\"index, follow, max-snippet:-1, max-image-preview:large, max-video-preview:-1\" \/>\n<link rel=\"canonical\" href=\"https:\/\/plus.agency\/da\/artikler\/\" \/>\n<meta property=\"og:locale\" content=\"da_DK\" \/>\n<meta property=\"og:type\" content=\"article\" \/>\n<meta property=\"og:title\" content=\"Artikler &#8211; Plus Agency\" \/>\n<meta property=\"og:description\" content=\"Artikler\" \/>\n<meta property=\"og:url\" content=\"https:\/\/plus.agency\/da\/artikler\/\" \/>\n<meta property=\"og:site_name\" content=\"Plus Agency\" \/>\n<meta property=\"article:modified_time\" content=\"2022-12-21T10:15:32+00:00\" \/>\n<meta name=\"twitter:card\" content=\"summary_large_image\" \/>\n<meta name=\"twitter:label1\" content=\"Estimeret l\u00e6setid\" \/>\n\t<meta name=\"twitter:data1\" content=\"3 minutter\" \/>\n<script type=\"application\/ld+json\" class=\"yoast-schema-graph\">{\"@context\":\"https:\/\/schema.org\",\"@graph\":[{\"@type\":\"WebPage\",\"@id\":\"https:\/\/plus.agency\/da\/artikler\/\",\"url\":\"https:\/\/plus.agency\/da\/artikler\/\",\"name\":\"Artikler &#8211; Plus Agency\",\"isPartOf\":{\"@id\":\"https:\/\/plus.agency\/da\/#website\"},\"datePublished\":\"2022-09-14T04:56:40+00:00\",\"dateModified\":\"2022-12-21T10:15:32+00:00\",\"breadcrumb\":{\"@id\":\"https:\/\/plus.agency\/da\/artikler\/#breadcrumb\"},\"inLanguage\":\"da-DK\",\"potentialAction\":[{\"@type\":\"ReadAction\",\"target\":[\"https:\/\/plus.agency\/da\/artikler\/\"]}]},{\"@type\":\"BreadcrumbList\",\"@id\":\"https:\/\/plus.agency\/da\/artikler\/#breadcrumb\",\"itemListElement\":[{\"@type\":\"ListItem\",\"position\":1,\"name\":\"Home\",\"item\":\"https:\/\/plus.agency\/da\/?page_id=14767\"},{\"@type\":\"ListItem\",\"position\":2,\"name\":\"Artikler\"}]},{\"@type\":\"WebSite\",\"@id\":\"https:\/\/plus.agency\/da\/#website\",\"url\":\"https:\/\/plus.agency\/da\/\",\"name\":\"Plus Agency\",\"description\":\"Plus Agency\",\"publisher\":{\"@id\":\"https:\/\/plus.agency\/da\/#organization\"},\"potentialAction\":[{\"@type\":\"SearchAction\",\"target\":{\"@type\":\"EntryPoint\",\"urlTemplate\":\"https:\/\/plus.agency\/da\/?s={search_term_string}\"},\"query-input\":{\"@type\":\"PropertyValueSpecification\",\"valueRequired\":true,\"valueName\":\"search_term_string\"}}],\"inLanguage\":\"da-DK\"},{\"@type\":\"Organization\",\"@id\":\"https:\/\/plus.agency\/da\/#organization\",\"name\":\"Plus Agency\",\"url\":\"https:\/\/plus.agency\/da\/\",\"logo\":{\"@type\":\"ImageObject\",\"inLanguage\":\"da-DK\",\"@id\":\"https:\/\/plus.agency\/da\/#\/schema\/logo\/image\/\",\"url\":\"https:\/\/plus.agency\/wp-content\/uploads\/2021\/10\/cropped-plus-agency-logo.png\",\"contentUrl\":\"https:\/\/plus.agency\/wp-content\/uploads\/2021\/10\/cropped-plus-agency-logo.png\",\"width\":525,\"height\":319,\"caption\":\"Plus Agency\"},\"image\":{\"@id\":\"https:\/\/plus.agency\/da\/#\/schema\/logo\/image\/\"}}]}<\/script>\n<!-- \/ Yoast SEO plugin. -->","yoast_head_json":{"title":"Artikler &#8211; Plus Agency","robots":{"index":"index","follow":"follow","max-snippet":"max-snippet:-1","max-image-preview":"max-image-preview:large","max-video-preview":"max-video-preview:-1"},"canonical":"https:\/\/plus.agency\/da\/artikler\/","og_locale":"da_DK","og_type":"article","og_title":"Artikler &#8211; Plus Agency","og_description":"Artikler","og_url":"https:\/\/plus.agency\/da\/artikler\/","og_site_name":"Plus Agency","article_modified_time":"2022-12-21T10:15:32+00:00","twitter_card":"summary_large_image","twitter_misc":{"Estimeret l\u00e6setid":"3 minutter"},"schema":{"@context":"https:\/\/schema.org","@graph":[{"@type":"WebPage","@id":"https:\/\/plus.agency\/da\/artikler\/","url":"https:\/\/plus.agency\/da\/artikler\/","name":"Artikler &#8211; Plus Agency","isPartOf":{"@id":"https:\/\/plus.agency\/da\/#website"},"datePublished":"2022-09-14T04:56:40+00:00","dateModified":"2022-12-21T10:15:32+00:00","breadcrumb":{"@id":"https:\/\/plus.agency\/da\/artikler\/#breadcrumb"},"inLanguage":"da-DK","potentialAction":[{"@type":"ReadAction","target":["https:\/\/plus.agency\/da\/artikler\/"]}]},{"@type":"BreadcrumbList","@id":"https:\/\/plus.agency\/da\/artikler\/#breadcrumb","itemListElement":[{"@type":"ListItem","position":1,"name":"Home","item":"https:\/\/plus.agency\/da\/?page_id=14767"},{"@type":"ListItem","position":2,"name":"Artikler"}]},{"@type":"WebSite","@id":"https:\/\/plus.agency\/da\/#website","url":"https:\/\/plus.agency\/da\/","name":"Plus Agency","description":"Plus Agency","publisher":{"@id":"https:\/\/plus.agency\/da\/#organization"},"potentialAction":[{"@type":"SearchAction","target":{"@type":"EntryPoint","urlTemplate":"https:\/\/plus.agency\/da\/?s={search_term_string}"},"query-input":{"@type":"PropertyValueSpecification","valueRequired":true,"valueName":"search_term_string"}}],"inLanguage":"da-DK"},{"@type":"Organization","@id":"https:\/\/plus.agency\/da\/#organization","name":"Plus Agency","url":"https:\/\/plus.agency\/da\/","logo":{"@type":"ImageObject","inLanguage":"da-DK","@id":"https:\/\/plus.agency\/da\/#\/schema\/logo\/image\/","url":"https:\/\/plus.agency\/wp-content\/uploads\/2021\/10\/cropped-plus-agency-logo.png","contentUrl":"https:\/\/plus.agency\/wp-content\/uploads\/2021\/10\/cropped-plus-agency-logo.png","width":525,"height":319,"caption":"Plus Agency"},"image":{"@id":"https:\/\/plus.agency\/da\/#\/schema\/logo\/image\/"}}]}},"_links":{"self":[{"href":"https:\/\/plus.agency\/da\/wp-json\/wp\/v2\/pages\/7921","targetHints":{"allow":["GET"]}}],"collection":[{"href":"https:\/\/plus.agency\/da\/wp-json\/wp\/v2\/pages"}],"about":[{"href":"https:\/\/plus.agency\/da\/wp-json\/wp\/v2\/types\/page"}],"author":[{"embeddable":true,"href":"https:\/\/plus.agency\/da\/wp-json\/wp\/v2\/users\/14"}],"replies":[{"embeddable":true,"href":"https:\/\/plus.agency\/da\/wp-json\/wp\/v2\/comments?post=7921"}],"version-history":[{"count":101,"href":"https:\/\/plus.agency\/da\/wp-json\/wp\/v2\/pages\/7921\/revisions"}],"predecessor-version":[{"id":12519,"href":"https:\/\/plus.agency\/da\/wp-json\/wp\/v2\/pages\/7921\/revisions\/12519"}],"wp:attachment":[{"href":"https:\/\/plus.agency\/da\/wp-json\/wp\/v2\/media?parent=7921"}],"curies":[{"name":"wp","href":"https:\/\/api.w.org\/{rel}","templated":true}]}}