{"id":9801,"date":"2022-10-02T16:46:03","date_gmt":"2022-10-02T14:46:03","guid":{"rendered":"https:\/\/plus.agency\/?page_id=9801"},"modified":"2026-03-12T11:20:25","modified_gmt":"2026-03-12T09:20:25","slug":"fairground","status":"publish","type":"page","link":"https:\/\/plus.agency\/da\/produkter\/fairground\/","title":{"rendered":"Fairground GAMMEL"},"content":{"rendered":"\t\t<div data-elementor-type=\"wp-page\" data-elementor-id=\"9801\" class=\"elementor elementor-9801\" data-elementor-post-type=\"page\">\n\t\t\t\t\t\t<section class=\"elementor-section elementor-top-section elementor-element elementor-element-cb0f020 elementor-section-full_width elementor-section-height-default elementor-section-height-default\" data-id=\"cb0f020\" data-element_type=\"section\" data-settings=\"{&quot;background_background&quot;:&quot;classic&quot;}\">\n\t\t\t\t\t\t<div class=\"elementor-container elementor-column-gap-default\">\n\t\t\t\t\t<div class=\"elementor-column elementor-col-100 elementor-top-column elementor-element elementor-element-82439ec\" data-id=\"82439ec\" data-element_type=\"column\">\n\t\t\t<div class=\"elementor-widget-wrap\">\n\t\t\t\t\t\t\t<\/div>\n\t\t<\/div>\n\t\t\t\t\t<\/div>\n\t\t<\/section>\n\t\t\t\t<section class=\"elementor-section elementor-top-section elementor-element elementor-element-aa5e510 elementor-section-boxed elementor-section-height-default elementor-section-height-default\" data-id=\"aa5e510\" data-element_type=\"section\" data-settings=\"{&quot;background_background&quot;:&quot;classic&quot;}\">\n\t\t\t\t\t\t<div class=\"elementor-container elementor-column-gap-default\">\n\t\t\t\t\t<div class=\"elementor-column elementor-col-100 elementor-top-column elementor-element elementor-element-f5b3e32\" data-id=\"f5b3e32\" data-element_type=\"column\">\n\t\t\t<div class=\"elementor-widget-wrap elementor-element-populated\">\n\t\t\t\t\t\t<section class=\"elementor-section elementor-inner-section elementor-element elementor-element-4605dad elementor-section-boxed elementor-section-height-default elementor-section-height-default\" data-id=\"4605dad\" data-element_type=\"section\">\n\t\t\t\t\t\t<div class=\"elementor-container elementor-column-gap-default\">\n\t\t\t\t\t<div class=\"elementor-column elementor-col-100 elementor-inner-column elementor-element elementor-element-999ec7d\" data-id=\"999ec7d\" data-element_type=\"column\">\n\t\t\t<div class=\"elementor-widget-wrap elementor-element-populated\">\n\t\t\t\t\t\t<div class=\"elementor-element elementor-element-c4f3b69 elementor-widget elementor-widget-heading\" data-id=\"c4f3b69\" data-element_type=\"widget\" data-widget_type=\"heading.default\">\n\t\t\t\t<div class=\"elementor-widget-container\">\n\t\t\t\t\t<h1 class=\"elementor-heading-title elementor-size-default\">Fairground<\/h1>\t\t\t\t<\/div>\n\t\t\t\t<\/div>\n\t\t\t\t<div class=\"elementor-element elementor-element-7578982 elementor-widget elementor-widget-text-editor\" data-id=\"7578982\" data-element_type=\"widget\" data-widget_type=\"text-editor.default\">\n\t\t\t\t<div class=\"elementor-widget-container\">\n\t\t\t\t\t\t\t\t\t<p>En faglig forlystelsespark, der s\u00e6tter fut i vidensdelingen p\u00e5 en engagerende m\u00e5de\u00a0<\/p>\t\t\t\t\t\t\t\t<\/div>\n\t\t\t\t<\/div>\n\t\t\t\t\t<\/div>\n\t\t<\/div>\n\t\t\t\t\t<\/div>\n\t\t<\/section>\n\t\t\t\t<section class=\"elementor-section elementor-inner-section elementor-element elementor-element-25e92e2 elementor-reverse-tablet elementor-reverse-mobile elementor-section-boxed elementor-section-height-default elementor-section-height-default\" data-id=\"25e92e2\" data-element_type=\"section\" data-settings=\"{&quot;background_background&quot;:&quot;classic&quot;}\">\n\t\t\t\t\t\t<div class=\"elementor-container elementor-column-gap-default\">\n\t\t\t\t\t<div class=\"elementor-column elementor-col-100 elementor-inner-column elementor-element elementor-element-94cb4ae\" data-id=\"94cb4ae\" data-element_type=\"column\">\n\t\t\t<div class=\"elementor-widget-wrap elementor-element-populated\">\n\t\t\t\t\t\t<div class=\"elementor-element elementor-element-1398094 elementor-cta--layout-image-left elementor-cta--mobile-layout-image-above elementor-cta--tablet-layout-image-above elementor-cta--skin-classic elementor-animated-content elementor-widget elementor-widget-call-to-action\" data-id=\"1398094\" data-element_type=\"widget\" data-widget_type=\"call-to-action.default\">\n\t\t\t\t<div class=\"elementor-widget-container\">\n\t\t\t\t\t\t\t<div class=\"elementor-cta\">\n\t\t\t\t\t<div class=\"elementor-cta__bg-wrapper\">\n\t\t\t\t<div class=\"elementor-cta__bg elementor-bg\" style=\"background-image: url(https:\/\/plus.agency\/wp-content\/uploads\/2022\/10\/06Y2730-1.jpg);\" role=\"img\" aria-label=\"_06Y2730 (1)\"><\/div>\n\t\t\t\t<div class=\"elementor-cta__bg-overlay\"><\/div>\n\t\t\t<\/div>\n\t\t\t\t\t\t\t<div class=\"elementor-cta__content\">\n\t\t\t\t\n\t\t\t\t\t\t\t\t\t<h2 class=\"elementor-cta__title elementor-cta__content-item elementor-content-item\">\n\t\t\t\t\t\tEn algoritme holder styr p\u00e5 l\u00f8jerne\t\t\t\t\t<\/h2>\n\t\t\t\t\n\t\t\t\t\t\t\t\t\t<div class=\"elementor-cta__description elementor-cta__content-item elementor-content-item\">\n\t\t\t\t\t\t<p>Fairground er en faglig forlystelsespark, fuld af forskellige aktiviteter og opgaver som <span style=\"color: var( --e-global-color-99d8b07 );font-family: var( --e-global-typography-text-font-family ), Sans-serif;font-size: var( --e-global-typography-text-font-size );font-weight: var( --e-global-typography-text-font-weight )\">s\u00e6tter gang i faglige dialoger og vidensdeling.<\/span><\/p><p><span style=\"color: var( --e-global-color-99d8b07 );font-family: var( --e-global-typography-text-font-family ), Sans-serif;font-size: var( --e-global-typography-text-font-size );font-weight: var( --e-global-typography-text-font-weight )\">Sammen definerer vi et antal l\u00e6ringsm\u00e5l for jeres udgave af Fairground. Og s\u00e5 udvikler vi en r\u00e6kke aktiviteter for hvert l\u00e6ringsm\u00e5l, som <\/span><span style=\"color: var( --e-global-color-99d8b07 );font-family: var( --e-global-typography-text-font-family ), Sans-serif;font-size: var( --e-global-typography-text-font-size );font-weight: var( --e-global-typography-text-font-weight )\">er sm\u00e6kfyldt med leg og l\u00e6ring. <\/span><\/p><p>Deltagerne er opdelt i mindre grupper, som g\u00e5r rundt til de forskellige aktiviteter. <span style=\"color: var( --e-global-color-99d8b07 );font-family: var( --e-global-typography-text-font-family ), Sans-serif;font-size: var( --e-global-typography-text-font-size );font-weight: var( --e-global-typography-text-font-weight )\">Vores eget udviklede IT-system holder styr p\u00e5 deltagernes vej gennem det hele, og algoritmen sikrer at de hele tiden f\u00e5r nye opgaver, som adskiller sig fra dem, de lige har haft, b\u00e5de i form og indhold.<\/span><\/p><p>Deltagerne bestemmer  selv, hvor lang tid de vil bruge p\u00e5 hver aktivitet - som regel bruger de mellem 10-20 minutter. \n<\/p>\n\n<p><span style=\"color: var( --e-global-color-99d8b07 );font-family: var( --e-global-typography-text-font-family ), Sans-serif;font-size: var( --e-global-typography-text-font-size );font-weight: var( --e-global-typography-text-font-weight )\"><\/span><br><\/p>\t\t\t\t\t<\/div>\n\t\t\t\t\n\t\t\t\t\t\t\t<\/div>\n\t\t\t\t\t\t<\/div>\n\t\t\t\t\t\t<\/div>\n\t\t\t\t<\/div>\n\t\t\t\t\t<\/div>\n\t\t<\/div>\n\t\t\t\t\t<\/div>\n\t\t<\/section>\n\t\t\t\t<section class=\"elementor-section elementor-inner-section elementor-element elementor-element-454c998 elementor-reverse-tablet elementor-reverse-mobile elementor-section-boxed elementor-section-height-default elementor-section-height-default\" data-id=\"454c998\" data-element_type=\"section\">\n\t\t\t\t\t\t<div class=\"elementor-container elementor-column-gap-default\">\n\t\t\t\t\t<div class=\"elementor-column elementor-col-100 elementor-inner-column elementor-element elementor-element-0422aaa\" data-id=\"0422aaa\" data-element_type=\"column\">\n\t\t\t<div class=\"elementor-widget-wrap elementor-element-populated\">\n\t\t\t\t\t\t<div class=\"elementor-element elementor-element-93b4eba elementor-cta--layout-image-right elementor-cta--mobile-layout-image-above elementor-cta--tablet-layout-image-above elementor-cta--skin-classic elementor-animated-content elementor-widget elementor-widget-call-to-action\" data-id=\"93b4eba\" data-element_type=\"widget\" data-widget_type=\"call-to-action.default\">\n\t\t\t\t<div class=\"elementor-widget-container\">\n\t\t\t\t\t\t\t<div class=\"elementor-cta\">\n\t\t\t\t\t<div class=\"elementor-cta__bg-wrapper\">\n\t\t\t\t<div class=\"elementor-cta__bg elementor-bg\" style=\"background-image: url(https:\/\/plus.agency\/wp-content\/uploads\/2022\/10\/06Y2804-1.jpg);\" role=\"img\" aria-label=\"_06Y2804 (1)\"><\/div>\n\t\t\t\t<div class=\"elementor-cta__bg-overlay\"><\/div>\n\t\t\t<\/div>\n\t\t\t\t\t\t\t<div class=\"elementor-cta__content\">\n\t\t\t\t\n\t\t\t\t\t\t\t\t\t<h2 class=\"elementor-cta__title elementor-cta__content-item elementor-content-item\">\n\t\t\t\t\t\tSkr\u00e6ddersyede aktiviteter\t\t\t\t\t<\/h2>\n\t\t\t\t\n\t\t\t\t\t\t\t\t\t<div class=\"elementor-cta__description elementor-cta__content-item elementor-content-item\">\n\t\t\t\t\t\t<p>Til 500 deltagere vil der v\u00e6re ca. 90 stationer, s\u00e5 der altid er en ny og sp\u00e6ndende opgave ledig.<\/p><p>I realiteten udvikler vi ca. 25 skr\u00e6ddersyede aktiviteter som ganges op til at passe med det endelige antal stationer.<\/p><p>Vi samarbejder om at udvikle aktiviteterne \u2013 vi kombinerer jeres faglige viden med vores evne til at oms\u00e6tte den til engagerende og meningsfulde opgaver, der underst\u00f8tter netop jeres budskaber og m\u00f8deform\u00e5l.<\/p><p>Plus Agency modtog m\u00f8debranchens Oscar for det nyskabende Fairground koncept - <a class=\"fairground-url\" href=\"https:\/\/plus.agency\/cases\/faglig-konference-med-vidensdeling-paa-kryds-og-tvaers\/\">se casen her<\/a>.<\/p><p>Se ogs\u00e5 en anden case, hvor Fairground konceptet spillede en hovedrolle <a class=\"fairground-url\" href=\"https:\/\/plus.agency\/cases\/konference-om-trafiksikkerhed-paa-jyllandsringen\/\">her<\/a>.<\/p>\t\t\t\t\t<\/div>\n\t\t\t\t\n\t\t\t\t\t\t\t<\/div>\n\t\t\t\t\t\t<\/div>\n\t\t\t\t\t\t<\/div>\n\t\t\t\t<\/div>\n\t\t\t\t\t<\/div>\n\t\t<\/div>\n\t\t\t\t\t<\/div>\n\t\t<\/section>\n\t\t\t\t\t<\/div>\n\t\t<\/div>\n\t\t\t\t\t<\/div>\n\t\t<\/section>\n\t\t\t\t<section class=\"elementor-section elementor-top-section elementor-element elementor-element-a4e0fa0 elementor-section-content-middle elementor-section-boxed elementor-section-height-default elementor-section-height-default\" data-id=\"a4e0fa0\" data-element_type=\"section\" data-settings=\"{&quot;background_background&quot;:&quot;classic&quot;}\">\n\t\t\t\t\t\t<div class=\"elementor-container elementor-column-gap-no\">\n\t\t\t\t\t<div class=\"elementor-column elementor-col-100 elementor-top-column elementor-element elementor-element-3f3e266\" data-id=\"3f3e266\" data-element_type=\"column\">\n\t\t\t<div class=\"elementor-widget-wrap elementor-element-populated\">\n\t\t\t\t\t\t<section class=\"elementor-section elementor-inner-section elementor-element elementor-element-daf98a8 elementor-section-boxed elementor-section-height-default elementor-section-height-default\" data-id=\"daf98a8\" data-element_type=\"section\" data-settings=\"{&quot;background_background&quot;:&quot;classic&quot;}\">\n\t\t\t\t\t\t<div class=\"elementor-container elementor-column-gap-default\">\n\t\t\t\t\t<div class=\"elementor-column elementor-col-50 elementor-inner-column elementor-element elementor-element-b693e2a\" data-id=\"b693e2a\" data-element_type=\"column\">\n\t\t\t<div class=\"elementor-widget-wrap elementor-element-populated\">\n\t\t\t\t\t\t<div class=\"elementor-element elementor-element-1cbe8ae elementor-widget elementor-widget-heading\" data-id=\"1cbe8ae\" data-element_type=\"widget\" data-widget_type=\"heading.default\">\n\t\t\t\t<div class=\"elementor-widget-container\">\n\t\t\t\t\t<h4 class=\"elementor-heading-title elementor-size-default\">Vil du ogs\u00e5 gerne have mere deltagerinvolvering p\u00e5 din n\u00e6ste konference?<\/h4>\t\t\t\t<\/div>\n\t\t\t\t<\/div>\n\t\t\t\t\t<\/div>\n\t\t<\/div>\n\t\t\t\t<div class=\"elementor-column elementor-col-50 elementor-inner-column elementor-element elementor-element-586211e\" data-id=\"586211e\" data-element_type=\"column\">\n\t\t\t<div class=\"elementor-widget-wrap elementor-element-populated\">\n\t\t\t\t\t\t<div class=\"elementor-element elementor-element-7da09c7 elementor-align-right elementor-tablet-align-center elementor-invisible elementor-widget elementor-widget-button\" data-id=\"7da09c7\" data-element_type=\"widget\" data-settings=\"{&quot;_animation&quot;:&quot;fadeInUp&quot;}\" data-widget_type=\"button.default\">\n\t\t\t\t<div class=\"elementor-widget-container\">\n\t\t\t\t\t\t\t\t\t<div class=\"elementor-button-wrapper\">\n\t\t\t\t\t<a class=\"elementor-button elementor-button-link elementor-size-xl elementor-animation-grow\" href=\"https:\/\/plus.agency\/kontakt\/\">\n\t\t\t\t\t\t<span class=\"elementor-button-content-wrapper\">\n\t\t\t\t\t\t\t\t\t<span class=\"elementor-button-text\"> KONTAKT OS<\/span>\n\t\t\t\t\t<\/span>\n\t\t\t\t\t<\/a>\n\t\t\t\t<\/div>\n\t\t\t\t\t\t\t\t<\/div>\n\t\t\t\t<\/div>\n\t\t\t\t\t<\/div>\n\t\t<\/div>\n\t\t\t\t\t<\/div>\n\t\t<\/section>\n\t\t\t\t\t<\/div>\n\t\t<\/div>\n\t\t\t\t\t<\/div>\n\t\t<\/section>\n\t\t\t\t<\/div>\n\t\t","protected":false},"excerpt":{"rendered":"<p>Fairground En faglig forlystelsespark, der s\u00e6tter fut i vidensdelingen p\u00e5 en engagerende m\u00e5de En algoritme holder styr p\u00e5 l\u00f8jerne Fairground er en faglig forlystelsespark, fuld af forskellige aktiviteter og opgaver som s\u00e6tter gang i faglige dialoger og vidensdeling. Sammen definerer vi et antal l\u00e6ringsm\u00e5l for jeres udgave af Fairground. Og s\u00e5 udvikler vi en r\u00e6kke [&hellip;]<\/p>\n","protected":false},"author":14,"featured_media":0,"parent":7490,"menu_order":0,"comment_status":"closed","ping_status":"closed","template":"elementor_header_footer","meta":{"inline_featured_image":false,"footnotes":""},"class_list":["post-9801","page","type-page","status-publish","hentry"],"yoast_head":"<!-- This site is optimized with the Yoast SEO plugin v26.0 - https:\/\/yoast.com\/wordpress\/plugins\/seo\/ -->\n<title>Fairground GAMMEL &#8211; Plus Agency<\/title>\n<meta name=\"robots\" content=\"index, follow, max-snippet:-1, max-image-preview:large, max-video-preview:-1\" \/>\n<link rel=\"canonical\" href=\"https:\/\/plus.agency\/da\/produkter\/fairground\/\" \/>\n<meta property=\"og:locale\" content=\"da_DK\" \/>\n<meta property=\"og:type\" content=\"article\" \/>\n<meta property=\"og:title\" content=\"Fairground GAMMEL &#8211; Plus Agency\" \/>\n<meta property=\"og:description\" content=\"Fairground En faglig forlystelsespark, der s\u00e6tter fut i vidensdelingen p\u00e5 en engagerende m\u00e5de En algoritme holder styr p\u00e5 l\u00f8jerne Fairground er en faglig forlystelsespark, fuld af forskellige aktiviteter og opgaver som s\u00e6tter gang i faglige dialoger og vidensdeling. Sammen definerer vi et antal l\u00e6ringsm\u00e5l for jeres udgave af Fairground. Og s\u00e5 udvikler vi en r\u00e6kke [&hellip;]\" \/>\n<meta property=\"og:url\" content=\"https:\/\/plus.agency\/da\/produkter\/fairground\/\" \/>\n<meta property=\"og:site_name\" content=\"Plus Agency\" \/>\n<meta property=\"article:modified_time\" content=\"2026-03-12T09:20:25+00:00\" \/>\n<meta name=\"twitter:card\" content=\"summary_large_image\" \/>\n<meta name=\"twitter:label1\" content=\"Estimeret l\u00e6setid\" \/>\n\t<meta name=\"twitter:data1\" content=\"2 minutter\" \/>\n<script type=\"application\/ld+json\" class=\"yoast-schema-graph\">{\"@context\":\"https:\/\/schema.org\",\"@graph\":[{\"@type\":\"WebPage\",\"@id\":\"https:\/\/plus.agency\/da\/produkter\/fairground\/\",\"url\":\"https:\/\/plus.agency\/da\/produkter\/fairground\/\",\"name\":\"Fairground GAMMEL &#8211; Plus Agency\",\"isPartOf\":{\"@id\":\"https:\/\/plus.agency\/da\/#website\"},\"datePublished\":\"2022-10-02T14:46:03+00:00\",\"dateModified\":\"2026-03-12T09:20:25+00:00\",\"breadcrumb\":{\"@id\":\"https:\/\/plus.agency\/da\/produkter\/fairground\/#breadcrumb\"},\"inLanguage\":\"da-DK\",\"potentialAction\":[{\"@type\":\"ReadAction\",\"target\":[\"https:\/\/plus.agency\/da\/produkter\/fairground\/\"]}]},{\"@type\":\"BreadcrumbList\",\"@id\":\"https:\/\/plus.agency\/da\/produkter\/fairground\/#breadcrumb\",\"itemListElement\":[{\"@type\":\"ListItem\",\"position\":1,\"name\":\"Home\",\"item\":\"https:\/\/plus.agency\/da\/?page_id=14767\"},{\"@type\":\"ListItem\",\"position\":2,\"name\":\"Produkter\",\"item\":\"https:\/\/plus.agency\/da\/produkter\/\"},{\"@type\":\"ListItem\",\"position\":3,\"name\":\"Fairground GAMMEL\"}]},{\"@type\":\"WebSite\",\"@id\":\"https:\/\/plus.agency\/da\/#website\",\"url\":\"https:\/\/plus.agency\/da\/\",\"name\":\"Plus Agency\",\"description\":\"Plus Agency\",\"publisher\":{\"@id\":\"https:\/\/plus.agency\/da\/#organization\"},\"potentialAction\":[{\"@type\":\"SearchAction\",\"target\":{\"@type\":\"EntryPoint\",\"urlTemplate\":\"https:\/\/plus.agency\/da\/?s={search_term_string}\"},\"query-input\":{\"@type\":\"PropertyValueSpecification\",\"valueRequired\":true,\"valueName\":\"search_term_string\"}}],\"inLanguage\":\"da-DK\"},{\"@type\":\"Organization\",\"@id\":\"https:\/\/plus.agency\/da\/#organization\",\"name\":\"Plus Agency\",\"url\":\"https:\/\/plus.agency\/da\/\",\"logo\":{\"@type\":\"ImageObject\",\"inLanguage\":\"da-DK\",\"@id\":\"https:\/\/plus.agency\/da\/#\/schema\/logo\/image\/\",\"url\":\"https:\/\/plus.agency\/wp-content\/uploads\/2021\/10\/cropped-plus-agency-logo.png\",\"contentUrl\":\"https:\/\/plus.agency\/wp-content\/uploads\/2021\/10\/cropped-plus-agency-logo.png\",\"width\":525,\"height\":319,\"caption\":\"Plus Agency\"},\"image\":{\"@id\":\"https:\/\/plus.agency\/da\/#\/schema\/logo\/image\/\"}}]}<\/script>\n<!-- \/ Yoast SEO plugin. -->","yoast_head_json":{"title":"Fairground GAMMEL &#8211; Plus Agency","robots":{"index":"index","follow":"follow","max-snippet":"max-snippet:-1","max-image-preview":"max-image-preview:large","max-video-preview":"max-video-preview:-1"},"canonical":"https:\/\/plus.agency\/da\/produkter\/fairground\/","og_locale":"da_DK","og_type":"article","og_title":"Fairground GAMMEL &#8211; Plus Agency","og_description":"Fairground En faglig forlystelsespark, der s\u00e6tter fut i vidensdelingen p\u00e5 en engagerende m\u00e5de En algoritme holder styr p\u00e5 l\u00f8jerne Fairground er en faglig forlystelsespark, fuld af forskellige aktiviteter og opgaver som s\u00e6tter gang i faglige dialoger og vidensdeling. Sammen definerer vi et antal l\u00e6ringsm\u00e5l for jeres udgave af Fairground. Og s\u00e5 udvikler vi en r\u00e6kke [&hellip;]","og_url":"https:\/\/plus.agency\/da\/produkter\/fairground\/","og_site_name":"Plus Agency","article_modified_time":"2026-03-12T09:20:25+00:00","twitter_card":"summary_large_image","twitter_misc":{"Estimeret l\u00e6setid":"2 minutter"},"schema":{"@context":"https:\/\/schema.org","@graph":[{"@type":"WebPage","@id":"https:\/\/plus.agency\/da\/produkter\/fairground\/","url":"https:\/\/plus.agency\/da\/produkter\/fairground\/","name":"Fairground GAMMEL &#8211; Plus Agency","isPartOf":{"@id":"https:\/\/plus.agency\/da\/#website"},"datePublished":"2022-10-02T14:46:03+00:00","dateModified":"2026-03-12T09:20:25+00:00","breadcrumb":{"@id":"https:\/\/plus.agency\/da\/produkter\/fairground\/#breadcrumb"},"inLanguage":"da-DK","potentialAction":[{"@type":"ReadAction","target":["https:\/\/plus.agency\/da\/produkter\/fairground\/"]}]},{"@type":"BreadcrumbList","@id":"https:\/\/plus.agency\/da\/produkter\/fairground\/#breadcrumb","itemListElement":[{"@type":"ListItem","position":1,"name":"Home","item":"https:\/\/plus.agency\/da\/?page_id=14767"},{"@type":"ListItem","position":2,"name":"Produkter","item":"https:\/\/plus.agency\/da\/produkter\/"},{"@type":"ListItem","position":3,"name":"Fairground GAMMEL"}]},{"@type":"WebSite","@id":"https:\/\/plus.agency\/da\/#website","url":"https:\/\/plus.agency\/da\/","name":"Plus Agency","description":"Plus Agency","publisher":{"@id":"https:\/\/plus.agency\/da\/#organization"},"potentialAction":[{"@type":"SearchAction","target":{"@type":"EntryPoint","urlTemplate":"https:\/\/plus.agency\/da\/?s={search_term_string}"},"query-input":{"@type":"PropertyValueSpecification","valueRequired":true,"valueName":"search_term_string"}}],"inLanguage":"da-DK"},{"@type":"Organization","@id":"https:\/\/plus.agency\/da\/#organization","name":"Plus Agency","url":"https:\/\/plus.agency\/da\/","logo":{"@type":"ImageObject","inLanguage":"da-DK","@id":"https:\/\/plus.agency\/da\/#\/schema\/logo\/image\/","url":"https:\/\/plus.agency\/wp-content\/uploads\/2021\/10\/cropped-plus-agency-logo.png","contentUrl":"https:\/\/plus.agency\/wp-content\/uploads\/2021\/10\/cropped-plus-agency-logo.png","width":525,"height":319,"caption":"Plus Agency"},"image":{"@id":"https:\/\/plus.agency\/da\/#\/schema\/logo\/image\/"}}]}},"_links":{"self":[{"href":"https:\/\/plus.agency\/da\/wp-json\/wp\/v2\/pages\/9801","targetHints":{"allow":["GET"]}}],"collection":[{"href":"https:\/\/plus.agency\/da\/wp-json\/wp\/v2\/pages"}],"about":[{"href":"https:\/\/plus.agency\/da\/wp-json\/wp\/v2\/types\/page"}],"author":[{"embeddable":true,"href":"https:\/\/plus.agency\/da\/wp-json\/wp\/v2\/users\/14"}],"replies":[{"embeddable":true,"href":"https:\/\/plus.agency\/da\/wp-json\/wp\/v2\/comments?post=9801"}],"version-history":[{"count":58,"href":"https:\/\/plus.agency\/da\/wp-json\/wp\/v2\/pages\/9801\/revisions"}],"predecessor-version":[{"id":22181,"href":"https:\/\/plus.agency\/da\/wp-json\/wp\/v2\/pages\/9801\/revisions\/22181"}],"up":[{"embeddable":true,"href":"https:\/\/plus.agency\/da\/wp-json\/wp\/v2\/pages\/7490"}],"wp:attachment":[{"href":"https:\/\/plus.agency\/da\/wp-json\/wp\/v2\/media?parent=9801"}],"curies":[{"name":"wp","href":"https:\/\/api.w.org\/{rel}","templated":true}]}}